{"id":1438,"date":"2022-10-17T00:25:53","date_gmt":"2022-10-17T00:25:53","guid":{"rendered":"https:\/\/wpl-global.com\/?page_id=1438"},"modified":"2023-09-09T18:09:29","modified_gmt":"2023-09-09T18:09:29","slug":"real-estate","status":"publish","type":"page","link":"https:\/\/wpl-global.com\/es\/real-estate\/","title":{"rendered":"Inmobiliario"},"content":{"rendered":"<div data-elementor-type=\"wp-page\" data-elementor-id=\"1438\" class=\"elementor elementor-1438\" data-elementor-post-type=\"page\">\n\t\t\t\t\t\t<section class=\"elementor-section elementor-top-section elementor-element elementor-element-149a3dff elementor-section-height-min-height elementor-section-content-middle elementor-section-boxed elementor-section-height-default elementor-section-items-middle\" data-id=\"149a3dff\" data-element_type=\"section\" data-settings=\"{&quot;background_background&quot;:&quot;classic&quot;}\">\n\t\t\t\t\t\t\t<div class=\"elementor-background-overlay\"><\/div>\n\t\t\t\t\t\t\t<div class=\"elementor-container elementor-column-gap-no\">\n\t\t\t\t\t<div class=\"elementor-column elementor-col-100 elementor-top-column elementor-element elementor-element-3f157824\" data-id=\"3f157824\" data-element_type=\"column\">\n\t\t\t<div class=\"elementor-widget-wrap elementor-element-populated\">\n\t\t\t\t\t\t<div class=\"elementor-element elementor-element-37b591e5 elementor-headline--style-rotate elementor-widget elementor-widget-animated-headline\" data-id=\"37b591e5\" data-element_type=\"widget\" data-settings=\"{&quot;headline_style&quot;:&quot;rotate&quot;,&quot;animation_type&quot;:&quot;slide&quot;,&quot;rotating_text&quot;:&quot;Real estate\\nVirtual reality\\nDigital marketing\\nMetaverse\\nE-learning&quot;,&quot;loop&quot;:&quot;yes&quot;,&quot;rotate_iteration_delay&quot;:2500}\" data-widget_type=\"animated-headline.default\">\n\t\t\t\t<div class=\"elementor-widget-container\">\n\t\t\t\t\t\t\t<h2 class=\"elementor-headline elementor-headline-animation-type-slide\">\n\t\t\t\t<span class=\"elementor-headline-dynamic-wrapper elementor-headline-text-wrapper\">\n\t\t\t\t\t<span class=\"elementor-headline-dynamic-text elementor-headline-text-active\">\n\t\t\t\tBienes Ra\u00edces\t\t\t<\/span>\n\t\t\t\t\t<span class=\"elementor-headline-dynamic-text\">\n\t\t\t\tRealidad Virtual\t\t\t<\/span>\n\t\t\t\t\t<span class=\"elementor-headline-dynamic-text\">\n\t\t\t\tMarketing Digital\t\t\t<\/span>\n\t\t\t\t\t<span class=\"elementor-headline-dynamic-text\">\n\t\t\t\tMetaverso\t\t\t<\/span>\n\t\t\t\t\t<span class=\"elementor-headline-dynamic-text\">\n\t\t\t\tE-learning\t\t\t<\/span>\n\t\t\t\t\t\t<\/span>\n\t\t\t\t<\/h2>\n\t\t\t\t\t\t<\/div>\n\t\t\t\t<\/div>\n\t\t\t\t<div class=\"elementor-element elementor-element-363028e3 elementor-widget elementor-widget-text-editor\" data-id=\"363028e3\" data-element_type=\"widget\" data-widget_type=\"text-editor.default\">\n\t\t\t\t<div class=\"elementor-widget-container\">\n\t\t\t\t\t\t\t\t\t<p>Nuestras empresas son lideres en su ramo, desarrollando estrategias de mercado de acuerdo al nicho, aplicando las m\u00e1s novedosas tecnolog\u00edas<\/p>\t\t\t\t\t\t\t\t<\/div>\n\t\t\t\t<\/div>\n\t\t\t\t\t<\/div>\n\t\t<\/div>\n\t\t\t\t\t<\/div>\n\t\t<\/section>\n\t\t\t\t<section class=\"elementor-section elementor-top-section elementor-element elementor-element-2ec11a18 elementor-section-full_width elementor-section-height-full elementor-section-items-stretch elementor-section-height-default\" data-id=\"2ec11a18\" data-element_type=\"section\">\n\t\t\t\t\t\t<div class=\"elementor-container elementor-column-gap-no\">\n\t\t\t\t\t<div class=\"elementor-column elementor-col-50 elementor-top-column elementor-element elementor-element-11bcb68f\" data-id=\"11bcb68f\" data-element_type=\"column\">\n\t\t\t<div class=\"elementor-widget-wrap elementor-element-populated\">\n\t\t\t\t\t\t<section class=\"elementor-section elementor-inner-section elementor-element elementor-element-200bc05d elementor-section-full_width elementor-section-height-default elementor-section-height-default\" data-id=\"200bc05d\" data-element_type=\"section\">\n\t\t\t\t\t\t<div class=\"elementor-container elementor-column-gap-no\">\n\t\t\t\t\t<div class=\"elementor-column elementor-col-100 elementor-inner-column elementor-element elementor-element-3608a044\" data-id=\"3608a044\" data-element_type=\"column\">\n\t\t\t<div class=\"elementor-widget-wrap elementor-element-populated\">\n\t\t\t\t\t\t<div class=\"elementor-element elementor-element-2f8f323a elementor-widget elementor-widget-heading\" data-id=\"2f8f323a\" data-element_type=\"widget\" data-widget_type=\"heading.default\">\n\t\t\t\t<div class=\"elementor-widget-container\">\n\t\t\t\t\t<h1 class=\"elementor-heading-title elementor-size-default\">2 BE IN<\/h1>\t\t\t\t<\/div>\n\t\t\t\t<\/div>\n\t\t\t\t<div class=\"elementor-element elementor-element-81db97b elementor-widget elementor-widget-spacer\" data-id=\"81db97b\" data-element_type=\"widget\" data-widget_type=\"spacer.default\">\n\t\t\t\t<div class=\"elementor-widget-container\">\n\t\t\t\t\t\t\t<div class=\"elementor-spacer\">\n\t\t\t<div class=\"elementor-spacer-inner\"><\/div>\n\t\t<\/div>\n\t\t\t\t\t\t<\/div>\n\t\t\t\t<\/div>\n\t\t\t\t<div class=\"elementor-element elementor-element-71cf380 elementor-widget elementor-widget-button\" data-id=\"71cf380\" data-element_type=\"widget\" data-widget_type=\"button.default\">\n\t\t\t\t<div class=\"elementor-widget-container\">\n\t\t\t\t\t\t\t\t\t<div class=\"elementor-button-wrapper\">\n\t\t\t\t\t<a class=\"elementor-button elementor-button-link elementor-size-sm\" href=\"http:\/\/2be-in.com\">\n\t\t\t\t\t\t<span class=\"elementor-button-content-wrapper\">\n\t\t\t\t\t\t<span class=\"elementor-button-icon\">\n\t\t\t\t\t\t\t<\/span>\n\t\t\t\t\t\t\t\t\t<span class=\"elementor-button-text\">Visita Nuestro Sitio<\/span>\n\t\t\t\t\t<\/span>\n\t\t\t\t\t<\/a>\n\t\t\t\t<\/div>\n\t\t\t\t\t\t\t\t<\/div>\n\t\t\t\t<\/div>\n\t\t\t\t<div class=\"elementor-element elementor-element-075871b elementor-widget elementor-widget-spacer\" data-id=\"075871b\" data-element_type=\"widget\" data-widget_type=\"spacer.default\">\n\t\t\t\t<div class=\"elementor-widget-container\">\n\t\t\t\t\t\t\t<div class=\"elementor-spacer\">\n\t\t\t<div class=\"elementor-spacer-inner\"><\/div>\n\t\t<\/div>\n\t\t\t\t\t\t<\/div>\n\t\t\t\t<\/div>\n\t\t\t\t<div class=\"elementor-element elementor-element-7ca88ad elementor-widget__width-initial elementor-widget elementor-widget-text-editor\" data-id=\"7ca88ad\" data-element_type=\"widget\" data-widget_type=\"text-editor.default\">\n\t\t\t\t<div class=\"elementor-widget-container\">\n\t\t\t\t\t\t\t\t\t<p>Empresa orgullosamente mexicana, dedicada a un nuevo concepto de Marketing Inmobiliario que se fundamenta en proveer a nuestros clientes de las m\u00e1s novedosas soluciones en marketing digital inmobiliario, para comercializar sus propiedades en el menor tiempo posible, a bajo costo y haciendo uso de las herramientas y plataformas tecnol\u00f3gicas m\u00e1s efectivas de la era Prop tech.<\/p>\t\t\t\t\t\t\t\t<\/div>\n\t\t\t\t<\/div>\n\t\t\t\t\t<\/div>\n\t\t<\/div>\n\t\t\t\t\t<\/div>\n\t\t<\/section>\n\t\t\t\t\t<\/div>\n\t\t<\/div>\n\t\t\t\t<div class=\"elementor-column elementor-col-50 elementor-top-column elementor-element elementor-element-34ee9904\" data-id=\"34ee9904\" data-element_type=\"column\" data-settings=\"{&quot;background_background&quot;:&quot;classic&quot;}\">\n\t\t\t<div class=\"elementor-widget-wrap elementor-element-populated\">\n\t\t\t\t\t\t<div class=\"elementor-element elementor-element-4ac4904 elementor-widget elementor-widget-spacer\" data-id=\"4ac4904\" data-element_type=\"widget\" data-widget_type=\"spacer.default\">\n\t\t\t\t<div class=\"elementor-widget-container\">\n\t\t\t\t\t\t\t<div class=\"elementor-spacer\">\n\t\t\t<div class=\"elementor-spacer-inner\"><\/div>\n\t\t<\/div>\n\t\t\t\t\t\t<\/div>\n\t\t\t\t<\/div>\n\t\t\t\t\t<\/div>\n\t\t<\/div>\n\t\t\t\t\t<\/div>\n\t\t<\/section>\n\t\t\t\t<section class=\"elementor-section elementor-top-section elementor-element elementor-element-1459c81f elementor-section-content-middle elementor-section-full_width elementor-section-height-default elementor-section-height-default\" data-id=\"1459c81f\" data-element_type=\"section\">\n\t\t\t\t\t\t<div class=\"elementor-container elementor-column-gap-no\">\n\t\t\t\t\t<div class=\"elementor-column elementor-col-50 elementor-top-column elementor-element elementor-element-2202f19\" data-id=\"2202f19\" data-element_type=\"column\">\n\t\t\t<div class=\"elementor-widget-wrap elementor-element-populated\">\n\t\t\t\t\t\t<div class=\"elementor-element elementor-element-44f444ba elementor-widget elementor-widget-image\" data-id=\"44f444ba\" data-element_type=\"widget\" data-widget_type=\"image.default\">\n\t\t\t\t<div class=\"elementor-widget-container\">\n\t\t\t\t\t\t\t\t\t\t\t\t\t\t\t<img fetchpriority=\"high\" decoding=\"async\" width=\"1276\" height=\"1280\" src=\"https:\/\/wpl-global.com\/wp-content\/uploads\/2022\/10\/Logo.jpeg\" class=\"attachment-full size-full wp-image-1449\" alt=\"\" srcset=\"https:\/\/wpl-global.com\/wp-content\/uploads\/2022\/10\/Logo.jpeg 1276w, https:\/\/wpl-global.com\/wp-content\/uploads\/2022\/10\/Logo-300x300.jpeg 300w, https:\/\/wpl-global.com\/wp-content\/uploads\/2022\/10\/Logo-1021x1024.jpeg 1021w, https:\/\/wpl-global.com\/wp-content\/uploads\/2022\/10\/Logo-150x150.jpeg 150w, https:\/\/wpl-global.com\/wp-content\/uploads\/2022\/10\/Logo-768x770.jpeg 768w\" sizes=\"(max-width: 1276px) 100vw, 1276px\" \/>\t\t\t\t\t\t\t\t\t\t\t\t\t\t\t<\/div>\n\t\t\t\t<\/div>\n\t\t\t\t\t<\/div>\n\t\t<\/div>\n\t\t\t\t<div class=\"elementor-column elementor-col-50 elementor-top-column elementor-element elementor-element-3005789c\" data-id=\"3005789c\" data-element_type=\"column\">\n\t\t\t<div class=\"elementor-widget-wrap elementor-element-populated\">\n\t\t\t\t\t\t<div class=\"elementor-element elementor-element-1aaac819 elementor-widget elementor-widget-heading\" data-id=\"1aaac819\" data-element_type=\"widget\" data-widget_type=\"heading.default\">\n\t\t\t\t<div class=\"elementor-widget-container\">\n\t\t\t\t\t<h3 class=\"elementor-heading-title elementor-size-default\">MERCADO INMOBILIARIO<\/h3>\t\t\t\t<\/div>\n\t\t\t\t<\/div>\n\t\t\t\t<div class=\"elementor-element elementor-element-e01458d elementor-widget elementor-widget-button\" data-id=\"e01458d\" data-element_type=\"widget\" data-widget_type=\"button.default\">\n\t\t\t\t<div class=\"elementor-widget-container\">\n\t\t\t\t\t\t\t\t\t<div class=\"elementor-button-wrapper\">\n\t\t\t\t\t<a class=\"elementor-button elementor-button-link elementor-size-sm\" href=\"http:\/\/mercadoinmobiliario.mx\">\n\t\t\t\t\t\t<span class=\"elementor-button-content-wrapper\">\n\t\t\t\t\t\t<span class=\"elementor-button-icon\">\n\t\t\t\t<i aria-hidden=\"true\" class=\"fas fa-angle-right\"><\/i>\t\t\t<\/span>\n\t\t\t\t\t\t\t\t\t<span class=\"elementor-button-text\">Visita Nuestro Sitio<\/span>\n\t\t\t\t\t<\/span>\n\t\t\t\t\t<\/a>\n\t\t\t\t<\/div>\n\t\t\t\t\t\t\t\t<\/div>\n\t\t\t\t<\/div>\n\t\t\t\t<section class=\"elementor-section elementor-inner-section elementor-element elementor-element-dc919b6 elementor-section-boxed elementor-section-height-default elementor-section-height-default\" data-id=\"dc919b6\" data-element_type=\"section\">\n\t\t\t\t\t\t<div class=\"elementor-container elementor-column-gap-default\">\n\t\t\t\t\t<div class=\"elementor-column elementor-col-100 elementor-inner-column elementor-element elementor-element-4c8a392\" data-id=\"4c8a392\" data-element_type=\"column\">\n\t\t\t<div class=\"elementor-widget-wrap elementor-element-populated\">\n\t\t\t\t\t\t<div class=\"elementor-element elementor-element-b16b4fb elementor-widget elementor-widget-text-editor\" data-id=\"b16b4fb\" data-element_type=\"widget\" data-widget_type=\"text-editor.default\">\n\t\t\t\t<div class=\"elementor-widget-container\">\n\t\t\t\t\t\t\t\t\t<p class=\"darkmysite_style_txt_border darkmysite_processed\" data-darkmysite_alpha_bg=\"rgba(0, 0, 0, 0)\" data-darkmysite_preserved_classes=\"darkmysite_style_txt_border darkmysite_processed\">Mercado inmobiliario es un portal nacional de inmuebles de venta de todos los tipos: Casas, terrenos, macro lotes, condominios, ranchos, locales comerciales y edificios en todo M\u00e9xico.<\/p><p class=\"darkmysite_style_txt_border darkmysite_processed\" data-darkmysite_alpha_bg=\"rgba(0, 0, 0, 0)\" data-darkmysite_preserved_classes=\"darkmysite_style_txt_border darkmysite_processed\">Aqu\u00ed encontrar\u00e1 propiedades inmobiliarias mexicanas a la venta y renta.<\/p><p class=\"darkmysite_style_txt_border darkmysite_processed\" data-darkmysite_alpha_bg=\"rgba(0, 0, 0, 0)\" data-darkmysite_preserved_classes=\"darkmysite_style_txt_border darkmysite_processed\">El portal mercado inmobiliario re\u00fane las fuerzas de profesionales inmobiliarios certificados, al presentar su oferta de forma clara y sencilla. Nuestros asociados son, entre otros, agentes inmobiliarios profesionales en el campo de bienes inmuebles y sus muchas facetas.<\/p><p class=\"darkmysite_style_txt_border darkmysite_processed\" data-darkmysite_alpha_bg=\"rgba(0, 0, 0, 0)\" data-darkmysite_preserved_classes=\"darkmysite_style_txt_border darkmysite_processed\">Adem\u00e1s, se potencia el uso de nuevas tecnolog\u00edas, siendo un referente a nivel nacional en innovaci\u00f3n y desarrollo.<\/p>\t\t\t\t\t\t\t\t<\/div>\n\t\t\t\t<\/div>\n\t\t\t\t\t<\/div>\n\t\t<\/div>\n\t\t\t\t\t<\/div>\n\t\t<\/section>\n\t\t\t\t\t<\/div>\n\t\t<\/div>\n\t\t\t\t\t<\/div>\n\t\t<\/section>\n\t\t\t\t<section class=\"elementor-section elementor-top-section elementor-element elementor-element-961f161 elementor-section-content-middle elementor-section-full_width elementor-hidden-desktop elementor-hidden-tablet elementor-hidden-mobile elementor-section-height-default elementor-section-height-default\" data-id=\"961f161\" data-element_type=\"section\">\n\t\t\t\t\t\t<div class=\"elementor-container elementor-column-gap-no\">\n\t\t\t\t\t<div class=\"elementor-column elementor-col-50 elementor-top-column elementor-element elementor-element-870a351\" data-id=\"870a351\" data-element_type=\"column\">\n\t\t\t<div class=\"elementor-widget-wrap elementor-element-populated\">\n\t\t\t\t\t\t<div class=\"elementor-element elementor-element-128c27a elementor-widget elementor-widget-heading\" data-id=\"128c27a\" data-element_type=\"widget\" data-widget_type=\"heading.default\">\n\t\t\t\t<div class=\"elementor-widget-container\">\n\t\t\t\t\t<h3 class=\"elementor-heading-title elementor-size-default\">2 be social<\/h3>\t\t\t\t<\/div>\n\t\t\t\t<\/div>\n\t\t\t\t<section class=\"elementor-section elementor-inner-section elementor-element elementor-element-32c8a2c elementor-section-boxed elementor-section-height-default elementor-section-height-default\" data-id=\"32c8a2c\" data-element_type=\"section\">\n\t\t\t\t\t\t<div class=\"elementor-container elementor-column-gap-default\">\n\t\t\t\t\t<div class=\"elementor-column elementor-col-100 elementor-inner-column elementor-element elementor-element-85124d4\" data-id=\"85124d4\" data-element_type=\"column\">\n\t\t\t<div class=\"elementor-widget-wrap elementor-element-populated\">\n\t\t\t\t\t\t<div class=\"elementor-element elementor-element-7ab4a08 elementor-widget elementor-widget-button\" data-id=\"7ab4a08\" data-element_type=\"widget\" data-widget_type=\"button.default\">\n\t\t\t\t<div class=\"elementor-widget-container\">\n\t\t\t\t\t\t\t\t\t<div class=\"elementor-button-wrapper\">\n\t\t\t\t\t<a class=\"elementor-button elementor-button-link elementor-size-sm\" href=\"http:\/\/2besocial.mx\">\n\t\t\t\t\t\t<span class=\"elementor-button-content-wrapper\">\n\t\t\t\t\t\t<span class=\"elementor-button-icon\">\n\t\t\t\t<i aria-hidden=\"true\" class=\"fas fa-angle-right\"><\/i>\t\t\t<\/span>\n\t\t\t\t\t\t\t\t\t<span class=\"elementor-button-text\">Visita Nuestro Sitio<\/span>\n\t\t\t\t\t<\/span>\n\t\t\t\t\t<\/a>\n\t\t\t\t<\/div>\n\t\t\t\t\t\t\t\t<\/div>\n\t\t\t\t<\/div>\n\t\t\t\t<div class=\"elementor-element elementor-element-505c8dc elementor-widget elementor-widget-text-editor\" data-id=\"505c8dc\" data-element_type=\"widget\" data-widget_type=\"text-editor.default\">\n\t\t\t\t<div class=\"elementor-widget-container\">\n\t\t\t\t\t\t\t\t\t<h3 class=\"darkmysite_style_txt_border darkmysite_processed\" data-darkmysite_preserved_bg=\"rgb(246, 247, 248)\" data-darkmysite_preserved_color=\"rgb(26, 26, 26)\"><span style=\"color: var(--darkmysite_dark_mode_text_color); font-size: 1.25rem; font-style: inherit; background-color: var(--darkmysite_dark_mode_secondary_bg);\">\u00bfQui\u00e9nes somos?<\/span><\/h3><div class=\"col-lg-6 col-md-6 col-sm-12 col-xs-12 no_pad darkmysite_style_txt_border darkmysite_processed\" data-darkmysite_preserved_bg=\"rgb(246, 247, 248)\" data-darkmysite_preserved_color=\"rgb(74, 74, 74)\"><div id=\"1625537186\" class=\"u_1625537186 dmFullHomeSectionTxt dmNewParagraph dmBlockElement darkmysite_style_txt_border darkmysite_processed\" data-version=\"5\" data-darkmysite_preserved_bg=\"rgb(246, 247, 248)\" data-darkmysite_preserved_color=\"rgb(74, 74, 74)\"><p class=\"text-align-left darkmysite_style_txt_border darkmysite_processed\" data-darkmysite_preserved_bg=\"rgb(246, 247, 248)\" data-darkmysite_preserved_color=\"rgb(74, 74, 74)\">Creamos estrategias profesionales y creativas para la comunicaci\u00f3n de tu negocio, tus ventas y alcance haciendo que tus clientes potenciales sean fieles a su marca. Somos tu agencia de marketing.<\/p><\/div><p class=\"text-align-center darkmysite_style_txt_border darkmysite_processed\" data-darkmysite_preserved_bg=\"rgb(246, 247, 248)\" data-darkmysite_preserved_color=\"rgb(74, 74, 74)\">Te ofrecemos una amplia gama de servicios profesionales para satisfacer tus necesidades.\u00a0<\/p><p class=\"text-align-center darkmysite_style_txt_border darkmysite_processed\" data-darkmysite_preserved_bg=\"rgb(246, 247, 248)\" data-darkmysite_preserved_color=\"rgb(74, 74, 74)\">Nos comprometemos a brindar cada servicio con una sonrisa y lograr tu mayor nivel de satisfacci\u00f3n.\u00a0<\/p><\/div>\t\t\t\t\t\t\t\t<\/div>\n\t\t\t\t<\/div>\n\t\t\t\t\t<\/div>\n\t\t<\/div>\n\t\t\t\t\t<\/div>\n\t\t<\/section>\n\t\t\t\t\t<\/div>\n\t\t<\/div>\n\t\t\t\t<div class=\"elementor-column elementor-col-50 elementor-top-column elementor-element elementor-element-0cb78b1\" data-id=\"0cb78b1\" data-element_type=\"column\">\n\t\t\t<div class=\"elementor-widget-wrap elementor-element-populated\">\n\t\t\t\t\t\t<div class=\"elementor-element elementor-element-0308cd3 elementor-widget elementor-widget-image\" data-id=\"0308cd3\" data-element_type=\"widget\" data-widget_type=\"image.default\">\n\t\t\t\t<div class=\"elementor-widget-container\">\n\t\t\t\t\t\t\t\t\t\t\t\t\t\t\t<img decoding=\"async\" width=\"1024\" height=\"768\" src=\"https:\/\/wpl-global.com\/wp-content\/uploads\/2022\/10\/Copia-de-Diseno-sin-titulo-16.png\" class=\"attachment-full size-full wp-image-1466\" alt=\"\" srcset=\"https:\/\/wpl-global.com\/wp-content\/uploads\/2022\/10\/Copia-de-Diseno-sin-titulo-16.png 1024w, https:\/\/wpl-global.com\/wp-content\/uploads\/2022\/10\/Copia-de-Diseno-sin-titulo-16-300x225.png 300w, https:\/\/wpl-global.com\/wp-content\/uploads\/2022\/10\/Copia-de-Diseno-sin-titulo-16-768x576.png 768w\" sizes=\"(max-width: 1024px) 100vw, 1024px\" \/>\t\t\t\t\t\t\t\t\t\t\t\t\t\t\t<\/div>\n\t\t\t\t<\/div>\n\t\t\t\t\t<\/div>\n\t\t<\/div>\n\t\t\t\t\t<\/div>\n\t\t<\/section>\n\t\t\t\t<\/div>","protected":false},"excerpt":{"rendered":"<p>Real&nbsp;estate Virtual&nbsp;reality Digital&nbsp;marketing Metaverse E-learning Our companies are leaders in their industry, developing market strategies according to the niche, applying the latest technologies. 2 BE IN Visit Our Website Proudly Mexican company, dedicated to a new concept of Real Estate Marketing that is based on providing our clients with the latest solutions in digital real [&hellip;]<\/p>","protected":false},"author":1,"featured_media":0,"parent":0,"menu_order":0,"comment_status":"closed","ping_status":"closed","template":"","meta":{"site-sidebar-layout":"no-sidebar","site-content-layout":"page-builder","ast-site-content-layout":"","site-content-style":"default","site-sidebar-style":"default","ast-global-header-display":"","ast-banner-title-visibility":"","ast-main-header-display":"","ast-hfb-above-header-display":"","ast-hfb-below-header-display":"","ast-hfb-mobile-header-display":"","site-post-title":"disabled","ast-breadcrumbs-content":"","ast-featured-img":"disabled","footer-sml-layout":"","theme-transparent-header-meta":"","adv-header-id-meta":"","stick-header-meta":"","header-above-stick-meta":"","header-main-stick-meta":"","header-below-stick-meta":"","astra-migrate-meta-layouts":"default","ast-page-background-enabled":"default","ast-page-background-meta":{"desktop":{"background-color":"","background-image":"","background-repeat":"repeat","background-position":"center center","background-size":"auto","background-attachment":"scroll","background-type":"","background-media":"","overlay-type":"","overlay-color":"","overlay-gradient":""},"tablet":{"background-color":"","background-image":"","background-repeat":"repeat","background-position":"center center","background-size":"auto","background-attachment":"scroll","background-type":"","background-media":"","overlay-type":"","overlay-color":"","overlay-gradient":""},"mobile":{"background-color":"","background-image":"","background-repeat":"repeat","background-position":"center center","background-size":"auto","background-attachment":"scroll","background-type":"","background-media":"","overlay-type":"","overlay-color":"","overlay-gradient":""}},"ast-content-background-meta":{"desktop":{"background-color":"var(--ast-global-color-5)","background-image":"","background-repeat":"repeat","background-position":"center center","background-size":"auto","background-attachment":"scroll","background-type":"","background-media":"","overlay-type":"","overlay-color":"","overlay-gradient":""},"tablet":{"background-color":"var(--ast-global-color-5)","background-image":"","background-repeat":"repeat","background-position":"center center","background-size":"auto","background-attachment":"scroll","background-type":"","background-media":"","overlay-type":"","overlay-color":"","overlay-gradient":""},"mobile":{"background-color":"var(--ast-global-color-5)","background-image":"","background-repeat":"repeat","background-position":"center center","background-size":"auto","background-attachment":"scroll","background-type":"","background-media":"","overlay-type":"","overlay-color":"","overlay-gradient":""}},"footnotes":""},"class_list":["post-1438","page","type-page","status-publish","hentry"],"_links":{"self":[{"href":"https:\/\/wpl-global.com\/es\/wp-json\/wp\/v2\/pages\/1438","targetHints":{"allow":["GET"]}}],"collection":[{"href":"https:\/\/wpl-global.com\/es\/wp-json\/wp\/v2\/pages"}],"about":[{"href":"https:\/\/wpl-global.com\/es\/wp-json\/wp\/v2\/types\/page"}],"author":[{"embeddable":true,"href":"https:\/\/wpl-global.com\/es\/wp-json\/wp\/v2\/users\/1"}],"replies":[{"embeddable":true,"href":"https:\/\/wpl-global.com\/es\/wp-json\/wp\/v2\/comments?post=1438"}],"version-history":[{"count":149,"href":"https:\/\/wpl-global.com\/es\/wp-json\/wp\/v2\/pages\/1438\/revisions"}],"predecessor-version":[{"id":2632,"href":"https:\/\/wpl-global.com\/es\/wp-json\/wp\/v2\/pages\/1438\/revisions\/2632"}],"wp:attachment":[{"href":"https:\/\/wpl-global.com\/es\/wp-json\/wp\/v2\/media?parent=1438"}],"curies":[{"name":"wp","href":"https:\/\/api.w.org\/{rel}","templated":true}]}}