{"id":2644,"date":"2023-10-11T22:17:25","date_gmt":"2023-10-11T22:17:25","guid":{"rendered":"https:\/\/wpl-global.com\/?page_id=2644"},"modified":"2023-10-12T17:53:40","modified_gmt":"2023-10-12T17:53:40","slug":"leasing","status":"publish","type":"page","link":"https:\/\/wpl-global.com\/es\/leasing\/","title":{"rendered":"Leasing"},"content":{"rendered":"<div data-elementor-type=\"wp-post\" data-elementor-id=\"2644\" class=\"elementor elementor-2644\" data-elementor-post-type=\"page\">\n\t\t\t\t\t\t<section class=\"elementor-section elementor-top-section elementor-element elementor-element-7d439393 elementor-section-boxed elementor-section-height-default elementor-section-height-default\" data-id=\"7d439393\" data-element_type=\"section\" data-settings=\"{&quot;background_background&quot;:&quot;classic&quot;}\">\n\t\t\t\t\t\t\t<div class=\"elementor-background-overlay\"><\/div>\n\t\t\t\t\t\t\t<div class=\"elementor-container elementor-column-gap-no\">\n\t\t\t\t\t<div class=\"elementor-column elementor-col-100 elementor-top-column elementor-element elementor-element-3474ac6a\" data-id=\"3474ac6a\" data-element_type=\"column\">\n\t\t\t<div class=\"elementor-widget-wrap elementor-element-populated\">\n\t\t\t\t\t\t<div class=\"elementor-element elementor-element-7b415e3 elementor-widget elementor-widget-heading\" data-id=\"7b415e3\" data-element_type=\"widget\" data-widget_type=\"heading.default\">\n\t\t\t\t<div class=\"elementor-widget-container\">\n\t\t\t\t\t<h1 class=\"elementor-heading-title elementor-size-default\">Servicios Financieros<\/h1>\t\t\t\t<\/div>\n\t\t\t\t<\/div>\n\t\t\t\t<div class=\"elementor-element elementor-element-6add383c elementor-widget-divider--view-line elementor-widget elementor-widget-divider\" data-id=\"6add383c\" data-element_type=\"widget\" data-widget_type=\"divider.default\">\n\t\t\t\t<div class=\"elementor-widget-container\">\n\t\t\t\t\t\t\t<div class=\"elementor-divider\">\n\t\t\t<span class=\"elementor-divider-separator\">\n\t\t\t\t\t\t<\/span>\n\t\t<\/div>\n\t\t\t\t\t\t<\/div>\n\t\t\t\t<\/div>\n\t\t\t\t\t<\/div>\n\t\t<\/div>\n\t\t\t\t\t<\/div>\n\t\t<\/section>\n\t\t\t\t<section class=\"elementor-section elementor-top-section elementor-element elementor-element-5bab5e22 elementor-section-content-middle elementor-section-boxed elementor-section-height-default elementor-section-height-default\" data-id=\"5bab5e22\" data-element_type=\"section\" data-settings=\"{&quot;background_background&quot;:&quot;classic&quot;}\">\n\t\t\t\t\t\t<div class=\"elementor-container elementor-column-gap-no\">\n\t\t\t\t\t<div class=\"elementor-column elementor-col-50 elementor-top-column elementor-element elementor-element-2c72dcdd\" data-id=\"2c72dcdd\" data-element_type=\"column\">\n\t\t\t<div class=\"elementor-widget-wrap elementor-element-populated\">\n\t\t\t\t\t\t<div class=\"elementor-element elementor-element-3042a717 elementor-widget__width-auto elementor-widget-divider--view-line elementor-widget elementor-widget-divider\" data-id=\"3042a717\" data-element_type=\"widget\" data-widget_type=\"divider.default\">\n\t\t\t\t<div class=\"elementor-widget-container\">\n\t\t\t\t\t\t\t<div class=\"elementor-divider\">\n\t\t\t<span class=\"elementor-divider-separator\">\n\t\t\t\t\t\t<\/span>\n\t\t<\/div>\n\t\t\t\t\t\t<\/div>\n\t\t\t\t<\/div>\n\t\t\t\t<div class=\"elementor-element elementor-element-54e26580 elementor-widget elementor-widget-heading\" data-id=\"54e26580\" data-element_type=\"widget\" data-widget_type=\"heading.default\">\n\t\t\t\t<div class=\"elementor-widget-container\">\n\t\t\t\t\t<h2 class=\"elementor-heading-title elementor-size-default\">Vende a plazos, cobra de contado.<\/h2>\t\t\t\t<\/div>\n\t\t\t\t<\/div>\n\t\t\t\t<div class=\"elementor-element elementor-element-1d644c19 elementor-widget elementor-widget-text-editor\" data-id=\"1d644c19\" data-element_type=\"widget\" data-widget_type=\"text-editor.default\">\n\t\t\t\t<div class=\"elementor-widget-container\">\n\t\t\t\t\t\t\t\t\t<p>Nos encargamos de asesorar y gestionar ante instituciones financieras operaciones de arrendamiento y cr\u00e9ditos empresariales, para concretar proyectos de tecnolog\u00eda y comunicaci\u00f3n sin necesidad de descapitalizarse, concretando ventas de TI m\u00e1s completas.<\/p>\t\t\t\t\t\t\t\t<\/div>\n\t\t\t\t<\/div>\n\t\t\t\t\t<\/div>\n\t\t<\/div>\n\t\t\t\t<div class=\"elementor-column elementor-col-50 elementor-top-column elementor-element elementor-element-46e14e27\" data-id=\"46e14e27\" data-element_type=\"column\" data-settings=\"{&quot;background_background&quot;:&quot;classic&quot;}\">\n\t\t\t<div class=\"elementor-widget-wrap elementor-element-populated\">\n\t\t\t\t\t<div class=\"elementor-background-overlay\"><\/div>\n\t\t\t\t\t\t<div class=\"elementor-element elementor-element-25c86b61 elementor-widget elementor-widget-image\" data-id=\"25c86b61\" data-element_type=\"widget\" data-widget_type=\"image.default\">\n\t\t\t\t<div class=\"elementor-widget-container\">\n\t\t\t\t\t\t\t\t\t\t\t\t\t\t\t<img fetchpriority=\"high\" decoding=\"async\" width=\"1000\" height=\"667\" src=\"https:\/\/wpl-global.com\/wp-content\/uploads\/2023\/10\/arrendamiento-puro-arrendamiento-financiero.webp\" class=\"attachment-full size-full wp-image-2645\" alt=\"\" srcset=\"https:\/\/wpl-global.com\/wp-content\/uploads\/2023\/10\/arrendamiento-puro-arrendamiento-financiero.webp 1000w, https:\/\/wpl-global.com\/wp-content\/uploads\/2023\/10\/arrendamiento-puro-arrendamiento-financiero-300x200.webp 300w, https:\/\/wpl-global.com\/wp-content\/uploads\/2023\/10\/arrendamiento-puro-arrendamiento-financiero-768x512.webp 768w, https:\/\/wpl-global.com\/wp-content\/uploads\/2023\/10\/arrendamiento-puro-arrendamiento-financiero-18x12.webp 18w\" sizes=\"(max-width: 1000px) 100vw, 1000px\" \/>\t\t\t\t\t\t\t\t\t\t\t\t\t\t\t<\/div>\n\t\t\t\t<\/div>\n\t\t\t\t\t<\/div>\n\t\t<\/div>\n\t\t\t\t\t<\/div>\n\t\t<\/section>\n\t\t\t\t<section class=\"elementor-section elementor-top-section elementor-element elementor-element-7db87f93 elementor-section-content-middle elementor-section-boxed elementor-section-height-default elementor-section-height-default\" data-id=\"7db87f93\" data-element_type=\"section\" data-settings=\"{&quot;background_background&quot;:&quot;classic&quot;}\">\n\t\t\t\t\t\t\t<div class=\"elementor-background-overlay\"><\/div>\n\t\t\t\t\t\t\t<div class=\"elementor-container elementor-column-gap-no\">\n\t\t\t\t\t<div class=\"elementor-column elementor-col-100 elementor-top-column elementor-element elementor-element-cc78a1d\" data-id=\"cc78a1d\" data-element_type=\"column\">\n\t\t\t<div class=\"elementor-widget-wrap elementor-element-populated\">\n\t\t\t\t\t\t<div class=\"elementor-element elementor-element-3fcacc7 elementor-widget__width-auto elementor-widget-divider--view-line elementor-widget elementor-widget-divider\" data-id=\"3fcacc7\" data-element_type=\"widget\" data-widget_type=\"divider.default\">\n\t\t\t\t<div class=\"elementor-widget-container\">\n\t\t\t\t\t\t\t<div class=\"elementor-divider\">\n\t\t\t<span class=\"elementor-divider-separator\">\n\t\t\t\t\t\t<\/span>\n\t\t<\/div>\n\t\t\t\t\t\t<\/div>\n\t\t\t\t<\/div>\n\t\t\t\t<div class=\"elementor-element elementor-element-da0c9f4 elementor-widget elementor-widget-heading\" data-id=\"da0c9f4\" data-element_type=\"widget\" data-widget_type=\"heading.default\">\n\t\t\t\t<div class=\"elementor-widget-container\">\n\t\t\t\t\t<h2 class=\"elementor-heading-title elementor-size-default\">\u00bfQu\u00e9 ofrecemos?<\/h2>\t\t\t\t<\/div>\n\t\t\t\t<\/div>\n\t\t\t\t<div class=\"elementor-element elementor-element-3cec86a elementor-widget elementor-widget-text-editor\" data-id=\"3cec86a\" data-element_type=\"widget\" data-widget_type=\"text-editor.default\">\n\t\t\t\t<div class=\"elementor-widget-container\">\n\t\t\t\t\t\t\t\t\t<ul><li><p class=\" translation-block\">Arrendamiento Puro (Valor Justo de Mercado): Esquema de financiamiento de rentas atractivas, dirigido a usuarios finales que desean actualizar regularmente la tecnolog\u00eda y ahorrar costos. Cuando finaliza un contrato puede elegir devolver la tecnolog\u00eda y actualizarla, prolongar su uso o comprar el equipo.<\/p><\/li><li class=\" translation-block\">Arrendamiento Financiero (Programa de Adquisici\u00f3n): Modelo de financiamiento que permite disponer de un activo (hardware y software) a cambio de pagar una renta mensual por un determinado tiempo a la entidad financiera y al finalizar el contrato el cliente tiene la opci\u00f3n de comprarlo a trav\u00e9s de un pago simb\u00f3lico.<\/li><\/ul><ul><li class=\" translation-block\">Cr\u00e9dito Simple: El cliente adquiere el equipo y es de su propiedad desde el inicio del financiamiento. Es la forma m\u00e1s simple y \u00e1gil de adquirir tecnolog\u00eda. Consiste en el pr\u00e9stamo de una cantidad de dinero bajo el compromiso de devolverlo a futuro m\u00e1s una cierta tasa de inter\u00e9s que representa un porcentaje del dinero prestado.<\/li><\/ul>\t\t\t\t\t\t\t\t<\/div>\n\t\t\t\t<\/div>\n\t\t\t\t\t<\/div>\n\t\t<\/div>\n\t\t\t\t\t<\/div>\n\t\t<\/section>\n\t\t\t\t<section class=\"elementor-section elementor-top-section elementor-element elementor-element-da8a5d9 elementor-section-content-middle elementor-section-boxed elementor-section-height-default elementor-section-height-default\" data-id=\"da8a5d9\" data-element_type=\"section\" data-settings=\"{&quot;background_background&quot;:&quot;classic&quot;}\">\n\t\t\t\t\t\t<div class=\"elementor-container elementor-column-gap-no\">\n\t\t\t\t\t<div class=\"elementor-column elementor-col-50 elementor-top-column elementor-element elementor-element-6bbb5dd\" data-id=\"6bbb5dd\" data-element_type=\"column\" data-settings=\"{&quot;background_background&quot;:&quot;classic&quot;}\">\n\t\t\t<div class=\"elementor-widget-wrap elementor-element-populated\">\n\t\t\t\t\t<div class=\"elementor-background-overlay\"><\/div>\n\t\t\t\t\t\t<div class=\"elementor-element elementor-element-927c20c elementor-widget elementor-widget-image\" data-id=\"927c20c\" data-element_type=\"widget\" data-widget_type=\"image.default\">\n\t\t\t\t<div class=\"elementor-widget-container\">\n\t\t\t\t\t\t\t\t\t\t\t\t\t\t\t<img decoding=\"async\" width=\"1024\" height=\"683\" src=\"https:\/\/wpl-global.com\/wp-content\/uploads\/2023\/10\/Arrendamiento-puro-vs-arrendamiento-fiananciero-\u00bfCual-elegir-1024x683-1.webp\" class=\"attachment-large size-large wp-image-2654\" alt=\"\" srcset=\"https:\/\/wpl-global.com\/wp-content\/uploads\/2023\/10\/Arrendamiento-puro-vs-arrendamiento-fiananciero-\u00bfCual-elegir-1024x683-1.webp 1024w, https:\/\/wpl-global.com\/wp-content\/uploads\/2023\/10\/Arrendamiento-puro-vs-arrendamiento-fiananciero-\u00bfCual-elegir-1024x683-1-300x200.webp 300w, https:\/\/wpl-global.com\/wp-content\/uploads\/2023\/10\/Arrendamiento-puro-vs-arrendamiento-fiananciero-\u00bfCual-elegir-1024x683-1-768x512.webp 768w, https:\/\/wpl-global.com\/wp-content\/uploads\/2023\/10\/Arrendamiento-puro-vs-arrendamiento-fiananciero-\u00bfCual-elegir-1024x683-1-18x12.webp 18w\" sizes=\"(max-width: 1024px) 100vw, 1024px\" \/>\t\t\t\t\t\t\t\t\t\t\t\t\t\t\t<\/div>\n\t\t\t\t<\/div>\n\t\t\t\t<div class=\"elementor-element elementor-element-a37d1fc elementor-widget elementor-widget-spacer\" data-id=\"a37d1fc\" data-element_type=\"widget\" data-widget_type=\"spacer.default\">\n\t\t\t\t<div class=\"elementor-widget-container\">\n\t\t\t\t\t\t\t<div class=\"elementor-spacer\">\n\t\t\t<div class=\"elementor-spacer-inner\"><\/div>\n\t\t<\/div>\n\t\t\t\t\t\t<\/div>\n\t\t\t\t<\/div>\n\t\t\t\t\t<\/div>\n\t\t<\/div>\n\t\t\t\t<div class=\"elementor-column elementor-col-50 elementor-top-column elementor-element elementor-element-dec4cd7\" data-id=\"dec4cd7\" data-element_type=\"column\">\n\t\t\t<div class=\"elementor-widget-wrap elementor-element-populated\">\n\t\t\t\t\t\t<div class=\"elementor-element elementor-element-516212a elementor-widget__width-auto elementor-widget-divider--view-line elementor-widget elementor-widget-divider\" data-id=\"516212a\" data-element_type=\"widget\" data-widget_type=\"divider.default\">\n\t\t\t\t<div class=\"elementor-widget-container\">\n\t\t\t\t\t\t\t<div class=\"elementor-divider\">\n\t\t\t<span class=\"elementor-divider-separator\">\n\t\t\t\t\t\t<\/span>\n\t\t<\/div>\n\t\t\t\t\t\t<\/div>\n\t\t\t\t<\/div>\n\t\t\t\t<div class=\"elementor-element elementor-element-4af6f5a elementor-widget elementor-widget-text-editor\" data-id=\"4af6f5a\" data-element_type=\"widget\" data-widget_type=\"text-editor.default\">\n\t\t\t\t<div class=\"elementor-widget-container\">\n\t\t\t\t\t\t\t\t\t<p class=\"darkmysite_style_txt_border darkmysite_processed\" data-darkmysite_alpha_bg=\"rgba(0, 0, 0, 0)\">Los modelos de financiamiento son sumamente flexibles para el usuario final, ya que les permite realizar una planeaci\u00f3n tecnol\u00f3gica sin necesidad de afectar el capital de trabajo e inversi\u00f3n el flujo e inversiones, garantizar la continuidad del negocio e impulsar su transformaci\u00f3n digital.<\/p><p class=\"darkmysite_style_txt_border darkmysite_processed\" data-darkmysite_alpha_bg=\"rgba(0, 0, 0, 0)\">Requisitos:\u00a0<\/p><p class=\"darkmysite_style_txt_border darkmysite_processed\" data-darkmysite_alpha_bg=\"rgba(0, 0, 0, 0)\">Monto m\u00ednimo de 10,000 USD antes de IVA o su equivalente en MXN.<\/p><p class=\"darkmysite_style_txt_border darkmysite_processed\" data-darkmysite_alpha_bg=\"rgba(0, 0, 0, 0)\">Aplica para personas Morales, f\u00edsicas con actividad empresarial y gobierno.<\/p><p class=\"darkmysite_style_txt_border darkmysite_processed\" data-darkmysite_alpha_bg=\"rgba(0, 0, 0, 0)\">Plazos est\u00e1ndar: 24, 36, 48 y 60 meses.<\/p><p class=\"darkmysite_style_txt_border darkmysite_processed\" data-darkmysite_alpha_bg=\"rgba(0, 0, 0, 0)\">M\u00ednimo con 3 a\u00f1os de origen de ser constituida<\/p><p data-darkmysite_alpha_bg=\"rgba(0, 0, 0, 0)\">M\u00e1s informaci\u00f3n:<br class=\"darkmysite_style_txt_border darkmysite_processed\" data-darkmysite_alpha_bg=\"rgba(0, 0, 0, 0)\" \/>info@wpl-global.com<\/p>\t\t\t\t\t\t\t\t<\/div>\n\t\t\t\t<\/div>\n\t\t\t\t<div class=\"elementor-element elementor-element-9b6b852 elementor-button-info elementor-align-center elementor-widget elementor-widget-button\" data-id=\"9b6b852\" data-element_type=\"widget\" data-widget_type=\"button.default\">\n\t\t\t\t<div class=\"elementor-widget-container\">\n\t\t\t\t\t\t\t\t\t<div class=\"elementor-button-wrapper\">\n\t\t\t\t\t<a class=\"elementor-button elementor-button-link elementor-size-sm\" href=\"https:\/\/wpl-global.com\/es\/contact\/\">\n\t\t\t\t\t\t<span class=\"elementor-button-content-wrapper\">\n\t\t\t\t\t\t\t\t\t<span class=\"elementor-button-text\">Cont\u00e1ctanos<\/span>\n\t\t\t\t\t<\/span>\n\t\t\t\t\t<\/a>\n\t\t\t\t<\/div>\n\t\t\t\t\t\t\t\t<\/div>\n\t\t\t\t<\/div>\n\t\t\t\t\t<\/div>\n\t\t<\/div>\n\t\t\t\t\t<\/div>\n\t\t<\/section>\n\t\t\t\t<\/div>","protected":false},"excerpt":{"rendered":"<p>Financial Services Sell on credit, collect in cash. We specialize in advising and managing leasing and business credit operations with financial institutions to carry out technology and communication projects without the need for capital expenditure, resulting in more complete IT sales. What do we offer? Operating Lease: Financing scheme with attractive rents, aimed at end [&hellip;]<\/p>","protected":false},"author":2,"featured_media":0,"parent":0,"menu_order":0,"comment_status":"closed","ping_status":"closed","template":"","meta":{"site-sidebar-layout":"no-sidebar","site-content-layout":"page-builder","ast-site-content-layout":"","site-content-style":"default","site-sidebar-style":"default","ast-global-header-display":"","ast-banner-title-visibility":"","ast-main-header-display":"","ast-hfb-above-header-display":"","ast-hfb-below-header-display":"","ast-hfb-mobile-header-display":"","site-post-title":"disabled","ast-breadcrumbs-content":"","ast-featured-img":"disabled","footer-sml-layout":"","theme-transparent-header-meta":"enabled","adv-header-id-meta":"","stick-header-meta":"","header-above-stick-meta":"","header-main-stick-meta":"","header-below-stick-meta":"","astra-migrate-meta-layouts":"default","ast-page-background-enabled":"default","ast-page-background-meta":{"desktop":{"background-color":"","background-image":"","background-repeat":"repeat","background-position":"center center","background-size":"auto","background-attachment":"scroll","background-type":"","background-media":"","overlay-type":"","overlay-color":"","overlay-gradient":""},"tablet":{"background-color":"","background-image":"","background-repeat":"repeat","background-position":"center center","background-size":"auto","background-attachment":"scroll","background-type":"","background-media":"","overlay-type":"","overlay-color":"","overlay-gradient":""},"mobile":{"background-color":"","background-image":"","background-repeat":"repeat","background-position":"center center","background-size":"auto","background-attachment":"scroll","background-type":"","background-media":"","overlay-type":"","overlay-color":"","overlay-gradient":""}},"ast-content-background-meta":{"desktop":{"background-color":"var(--ast-global-color-5)","background-image":"","background-repeat":"repeat","background-position":"center center","background-size":"auto","background-attachment":"scroll","background-type":"","background-media":"","overlay-type":"","overlay-color":"","overlay-gradient":""},"tablet":{"background-color":"var(--ast-global-color-5)","background-image":"","background-repeat":"repeat","background-position":"center center","background-size":"auto","background-attachment":"scroll","background-type":"","background-media":"","overlay-type":"","overlay-color":"","overlay-gradient":""},"mobile":{"background-color":"var(--ast-global-color-5)","background-image":"","background-repeat":"repeat","background-position":"center center","background-size":"auto","background-attachment":"scroll","background-type":"","background-media":"","overlay-type":"","overlay-color":"","overlay-gradient":""}},"footnotes":""},"class_list":["post-2644","page","type-page","status-publish","hentry"],"_links":{"self":[{"href":"https:\/\/wpl-global.com\/es\/wp-json\/wp\/v2\/pages\/2644","targetHints":{"allow":["GET"]}}],"collection":[{"href":"https:\/\/wpl-global.com\/es\/wp-json\/wp\/v2\/pages"}],"about":[{"href":"https:\/\/wpl-global.com\/es\/wp-json\/wp\/v2\/types\/page"}],"author":[{"embeddable":true,"href":"https:\/\/wpl-global.com\/es\/wp-json\/wp\/v2\/users\/2"}],"replies":[{"embeddable":true,"href":"https:\/\/wpl-global.com\/es\/wp-json\/wp\/v2\/comments?post=2644"}],"version-history":[{"count":20,"href":"https:\/\/wpl-global.com\/es\/wp-json\/wp\/v2\/pages\/2644\/revisions"}],"predecessor-version":[{"id":2712,"href":"https:\/\/wpl-global.com\/es\/wp-json\/wp\/v2\/pages\/2644\/revisions\/2712"}],"wp:attachment":[{"href":"https:\/\/wpl-global.com\/es\/wp-json\/wp\/v2\/media?parent=2644"}],"curies":[{"name":"wp","href":"https:\/\/api.w.org\/{rel}","templated":true}]}}