{"id":2749,"date":"2023-11-01T19:54:01","date_gmt":"2023-11-01T19:54:01","guid":{"rendered":"https:\/\/wpl-global.com\/?page_id=2749"},"modified":"2024-09-02T19:40:33","modified_gmt":"2024-09-02T19:40:33","slug":"bentonite","status":"publish","type":"page","link":"https:\/\/wpl-global.com\/es\/bentonite\/","title":{"rendered":"Bentonita"},"content":{"rendered":"<div data-elementor-type=\"wp-post\" data-elementor-id=\"2749\" class=\"elementor elementor-2749\" data-elementor-post-type=\"page\">\n\t\t\t\t\t\t<section class=\"elementor-section elementor-top-section elementor-element elementor-element-7d439393 elementor-section-boxed elementor-section-height-default elementor-section-height-default\" data-id=\"7d439393\" data-element_type=\"section\" data-settings=\"{&quot;background_background&quot;:&quot;classic&quot;}\">\n\t\t\t\t\t\t\t<div class=\"elementor-background-overlay\"><\/div>\n\t\t\t\t\t\t\t<div class=\"elementor-container elementor-column-gap-no\">\n\t\t\t\t\t<div class=\"elementor-column elementor-col-100 elementor-top-column elementor-element elementor-element-3474ac6a\" data-id=\"3474ac6a\" data-element_type=\"column\">\n\t\t\t<div class=\"elementor-widget-wrap elementor-element-populated\">\n\t\t\t\t\t\t<div class=\"elementor-element elementor-element-7b415e3 elementor-widget elementor-widget-heading\" data-id=\"7b415e3\" data-element_type=\"widget\" data-widget_type=\"heading.default\">\n\t\t\t\t<div class=\"elementor-widget-container\">\n\t\t\t\t\t<h1 class=\"elementor-heading-title elementor-size-default\">Bentonita<\/h1>\t\t\t\t<\/div>\n\t\t\t\t<\/div>\n\t\t\t\t<div class=\"elementor-element elementor-element-6add383c elementor-widget-divider--view-line elementor-widget elementor-widget-divider\" data-id=\"6add383c\" data-element_type=\"widget\" data-widget_type=\"divider.default\">\n\t\t\t\t<div class=\"elementor-widget-container\">\n\t\t\t\t\t\t\t<div class=\"elementor-divider\">\n\t\t\t<span class=\"elementor-divider-separator\">\n\t\t\t\t\t\t<\/span>\n\t\t<\/div>\n\t\t\t\t\t\t<\/div>\n\t\t\t\t<\/div>\n\t\t\t\t\t<\/div>\n\t\t<\/div>\n\t\t\t\t\t<\/div>\n\t\t<\/section>\n\t\t\t\t<section class=\"elementor-section elementor-top-section elementor-element elementor-element-95f91d1 elementor-section-boxed elementor-section-height-default elementor-section-height-default\" data-id=\"95f91d1\" data-element_type=\"section\">\n\t\t\t\t\t\t<div class=\"elementor-container elementor-column-gap-default\">\n\t\t\t\t\t<div class=\"elementor-column elementor-col-50 elementor-top-column elementor-element elementor-element-f36b7b5\" data-id=\"f36b7b5\" data-element_type=\"column\">\n\t\t\t<div class=\"elementor-widget-wrap elementor-element-populated\">\n\t\t\t\t\t\t<div class=\"elementor-element elementor-element-60fb9e1 elementor-widget elementor-widget-spacer\" data-id=\"60fb9e1\" data-element_type=\"widget\" data-widget_type=\"spacer.default\">\n\t\t\t\t<div class=\"elementor-widget-container\">\n\t\t\t\t\t\t\t<div class=\"elementor-spacer\">\n\t\t\t<div class=\"elementor-spacer-inner\"><\/div>\n\t\t<\/div>\n\t\t\t\t\t\t<\/div>\n\t\t\t\t<\/div>\n\t\t\t\t<div class=\"elementor-element elementor-element-ce2ed58 elementor-widget elementor-widget-text-editor\" data-id=\"ce2ed58\" data-element_type=\"widget\" data-widget_type=\"text-editor.default\">\n\t\t\t\t<div class=\"elementor-widget-container\">\n\t\t\t\t\t\t\t\t\t<p>La bentonita, con propiedades f\u00edsicas y qu\u00edmicas \u00fanicas, tiene una amplia gama de aplicaciones en diversos mercados. En WPL Global Operations, nos centramos principalmente en la fabricaci\u00f3n de productos destinados a lodos de perforaci\u00f3n, cimentaci\u00f3n y aglutinantes para sistemas de moldeo en verde utilizados en fundiciones. Adem\u00e1s, atendemos mercados como jabones y detergentes, alimentos balanceados, cosm\u00e9ticos y farmac\u00e9uticos, impermeabilizantes, pinturas y tintas, clarificaci\u00f3n de vinos, jugos y aceites comestibles, entre otros.<\/p>\t\t\t\t\t\t\t\t<\/div>\n\t\t\t\t<\/div>\n\t\t\t\t<div class=\"elementor-element elementor-element-fd94d1e elementor-widget elementor-widget-spacer\" data-id=\"fd94d1e\" data-element_type=\"widget\" data-widget_type=\"spacer.default\">\n\t\t\t\t<div class=\"elementor-widget-container\">\n\t\t\t\t\t\t\t<div class=\"elementor-spacer\">\n\t\t\t<div class=\"elementor-spacer-inner\"><\/div>\n\t\t<\/div>\n\t\t\t\t\t\t<\/div>\n\t\t\t\t<\/div>\n\t\t\t\t\t<\/div>\n\t\t<\/div>\n\t\t\t\t<div class=\"elementor-column elementor-col-50 elementor-top-column elementor-element elementor-element-6b7e3ba\" data-id=\"6b7e3ba\" data-element_type=\"column\">\n\t\t\t<div class=\"elementor-widget-wrap elementor-element-populated\">\n\t\t\t\t\t\t<div class=\"elementor-element elementor-element-0136b9d elementor-widget elementor-widget-spacer\" data-id=\"0136b9d\" data-element_type=\"widget\" data-widget_type=\"spacer.default\">\n\t\t\t\t<div class=\"elementor-widget-container\">\n\t\t\t\t\t\t\t<div class=\"elementor-spacer\">\n\t\t\t<div class=\"elementor-spacer-inner\"><\/div>\n\t\t<\/div>\n\t\t\t\t\t\t<\/div>\n\t\t\t\t<\/div>\n\t\t\t\t<div class=\"elementor-element elementor-element-0bcb818 elementor-hidden-tablet elementor-hidden-mobile elementor-widget elementor-widget-image\" data-id=\"0bcb818\" data-element_type=\"widget\" data-widget_type=\"image.default\">\n\t\t\t\t<div class=\"elementor-widget-container\">\n\t\t\t\t\t\t\t\t\t\t\t\t\t\t\t<img fetchpriority=\"high\" decoding=\"async\" width=\"300\" height=\"300\" src=\"https:\/\/wpl-global.com\/wp-content\/uploads\/2024\/01\/Sin-titulo-8-300x300.png\" class=\"attachment-medium size-medium wp-image-2969\" alt=\"\" srcset=\"https:\/\/wpl-global.com\/wp-content\/uploads\/2024\/01\/Sin-titulo-8-300x300.png 300w, https:\/\/wpl-global.com\/wp-content\/uploads\/2024\/01\/Sin-titulo-8-1024x1024.png 1024w, https:\/\/wpl-global.com\/wp-content\/uploads\/2024\/01\/Sin-titulo-8-150x150.png 150w, https:\/\/wpl-global.com\/wp-content\/uploads\/2024\/01\/Sin-titulo-8-768x768.png 768w, https:\/\/wpl-global.com\/wp-content\/uploads\/2024\/01\/Sin-titulo-8-12x12.png 12w, https:\/\/wpl-global.com\/wp-content\/uploads\/2024\/01\/Sin-titulo-8.png 1080w\" sizes=\"(max-width: 300px) 100vw, 300px\" \/>\t\t\t\t\t\t\t\t\t\t\t\t\t\t\t<\/div>\n\t\t\t\t<\/div>\n\t\t\t\t\t<\/div>\n\t\t<\/div>\n\t\t\t\t\t<\/div>\n\t\t<\/section>\n\t\t\t\t<section class=\"elementor-section elementor-top-section elementor-element elementor-element-8df1006 elementor-section-boxed elementor-section-height-default elementor-section-height-default\" data-id=\"8df1006\" data-element_type=\"section\">\n\t\t\t\t\t\t<div class=\"elementor-container elementor-column-gap-default\">\n\t\t\t\t\t<div class=\"elementor-column elementor-col-50 elementor-top-column elementor-element elementor-element-77a3ca4\" data-id=\"77a3ca4\" data-element_type=\"column\">\n\t\t\t<div class=\"elementor-widget-wrap elementor-element-populated\">\n\t\t\t\t\t\t<div class=\"elementor-element elementor-element-73b2dbc elementor-widget elementor-widget-image\" data-id=\"73b2dbc\" data-element_type=\"widget\" data-widget_type=\"image.default\">\n\t\t\t\t<div class=\"elementor-widget-container\">\n\t\t\t\t\t\t\t\t\t\t\t\t\t\t\t<img decoding=\"async\" width=\"300\" height=\"288\" src=\"https:\/\/wpl-global.com\/wp-content\/uploads\/2024\/01\/D_NQ_NP_972622-MLM44519975419_012021-O-300x288.webp\" class=\"attachment-medium size-medium wp-image-3048\" alt=\"\" srcset=\"https:\/\/wpl-global.com\/wp-content\/uploads\/2024\/01\/D_NQ_NP_972622-MLM44519975419_012021-O-300x288.webp 300w, https:\/\/wpl-global.com\/wp-content\/uploads\/2024\/01\/D_NQ_NP_972622-MLM44519975419_012021-O-13x12.webp 13w, https:\/\/wpl-global.com\/wp-content\/uploads\/2024\/01\/D_NQ_NP_972622-MLM44519975419_012021-O.webp 500w\" sizes=\"(max-width: 300px) 100vw, 300px\" \/>\t\t\t\t\t\t\t\t\t\t\t\t\t\t\t<\/div>\n\t\t\t\t<\/div>\n\t\t\t\t\t<\/div>\n\t\t<\/div>\n\t\t\t\t<div class=\"elementor-column elementor-col-50 elementor-top-column elementor-element elementor-element-384d51d\" data-id=\"384d51d\" data-element_type=\"column\">\n\t\t\t<div class=\"elementor-widget-wrap elementor-element-populated\">\n\t\t\t\t\t\t<div class=\"elementor-element elementor-element-1f7cce6 elementor-widget elementor-widget-heading\" data-id=\"1f7cce6\" data-element_type=\"widget\" data-widget_type=\"heading.default\">\n\t\t\t\t<div class=\"elementor-widget-container\">\n\t\t\t\t\t<h2 class=\"elementor-heading-title elementor-size-default\">WPL DrilBent IMP<\/h2>\t\t\t\t<\/div>\n\t\t\t\t<\/div>\n\t\t\t\t<div class=\"elementor-element elementor-element-a36138c elementor-widget elementor-widget-text-editor\" data-id=\"a36138c\" data-element_type=\"widget\" data-widget_type=\"text-editor.default\">\n\t\t\t\t<div class=\"elementor-widget-container\">\n\t\t\t\t\t\t\t\t\t<p>WPL DrilBent IMP es una bentonita s\u00f3dica coloidal dise\u00f1ada para su uso en fluidos de perforaci\u00f3n, terminaci\u00f3n y mantenimiento de pozos petroleros. Su formulaci\u00f3n coloidal proporciona propiedades \u00fanicas que mejoran la eficiencia en operaciones de perforaci\u00f3n profunda de agua, petr\u00f3leo y gas, as\u00ed como en obras con requisitos especiales. Este producto se destaca por su capacidad para mantener la estabilidad del pozo y controlar la filtraci\u00f3n, contribuyendo a un rendimiento \u00f3ptimo en condiciones exigentes.<\/p>\t\t\t\t\t\t\t\t<\/div>\n\t\t\t\t<\/div>\n\t\t\t\t<div class=\"elementor-element elementor-element-d09a165 elementor-widget elementor-widget-text-editor\" data-id=\"d09a165\" data-element_type=\"widget\" data-widget_type=\"text-editor.default\">\n\t\t\t\t<div class=\"elementor-widget-container\">\n\t\t\t\t\t\t\t\t\t<p><a href=\"https:\/\/wpl-global.com\/wp-content\/uploads\/2024\/09\/DRILL-BENT-IMP.pdf\" target=\"_blank\" rel=\"noopener\">Ficha T\u00e9cnica <i class=\"fa fa-download\" aria-hidden=\"true\"><\/i><\/a><\/p>\t\t\t\t\t\t\t\t<\/div>\n\t\t\t\t<\/div>\n\t\t\t\t\t<\/div>\n\t\t<\/div>\n\t\t\t\t\t<\/div>\n\t\t<\/section>\n\t\t\t\t<section class=\"elementor-section elementor-top-section elementor-element elementor-element-48223e3 elementor-section-boxed elementor-section-height-default elementor-section-height-default\" data-id=\"48223e3\" data-element_type=\"section\">\n\t\t\t\t\t\t<div class=\"elementor-container elementor-column-gap-default\">\n\t\t\t\t\t<div class=\"elementor-column elementor-col-50 elementor-top-column elementor-element elementor-element-fadc88b\" data-id=\"fadc88b\" data-element_type=\"column\">\n\t\t\t<div class=\"elementor-widget-wrap elementor-element-populated\">\n\t\t\t\t\t\t<div class=\"elementor-element elementor-element-988eed8 elementor-widget elementor-widget-heading\" data-id=\"988eed8\" data-element_type=\"widget\" data-widget_type=\"heading.default\">\n\t\t\t\t<div class=\"elementor-widget-container\">\n\t\t\t\t\t<h2 class=\"elementor-heading-title elementor-size-default\">WPL DrilBent Standard<\/h2>\t\t\t\t<\/div>\n\t\t\t\t<\/div>\n\t\t\t\t<div class=\"elementor-element elementor-element-751d0e1 elementor-widget elementor-widget-text-editor\" data-id=\"751d0e1\" data-element_type=\"widget\" data-widget_type=\"text-editor.default\">\n\t\t\t\t<div class=\"elementor-widget-container\">\n\t\t\t\t\t\t\t\t\tWPL DrilBent Standard es una bentonita s\u00f3dica coloidal pulverizada a malla 200, ideal para su uso en fluidos de perforaci\u00f3n, cimentaciones, zanjas y otras aplicaciones de Ingenier\u00eda Civil. Su formulaci\u00f3n est\u00e1ndar ofrece propiedades reol\u00f3gicas equilibradas y versatilidad en diversas condiciones. Esta bentonita destaca por su capacidad para proporcionar estabilidad al pozo, mejorar la viscosidad y cumplir con los requisitos de la industria.\t\t\t\t\t\t\t\t<\/div>\n\t\t\t\t<\/div>\n\t\t\t\t<div class=\"elementor-element elementor-element-042bc3d elementor-widget elementor-widget-text-editor\" data-id=\"042bc3d\" data-element_type=\"widget\" data-widget_type=\"text-editor.default\">\n\t\t\t\t<div class=\"elementor-widget-container\">\n\t\t\t\t\t\t\t\t\t<p><a href=\"https:\/\/wpl-global.com\/wp-content\/uploads\/2024\/09\/DRILL-BENT-STANDARD.pdf\" target=\"_blank\" rel=\"noopener\">Ficha T\u00e9cnica <i class=\"fa fa-download\" aria-hidden=\"true\"><\/i><\/a><\/p>\t\t\t\t\t\t\t\t<\/div>\n\t\t\t\t<\/div>\n\t\t\t\t\t<\/div>\n\t\t<\/div>\n\t\t\t\t<div class=\"elementor-column elementor-col-50 elementor-top-column elementor-element elementor-element-d201025\" data-id=\"d201025\" data-element_type=\"column\">\n\t\t\t<div class=\"elementor-widget-wrap elementor-element-populated\">\n\t\t\t\t\t\t<div class=\"elementor-element elementor-element-cab3a72 elementor-widget elementor-widget-image\" data-id=\"cab3a72\" data-element_type=\"widget\" data-widget_type=\"image.default\">\n\t\t\t\t<div class=\"elementor-widget-container\">\n\t\t\t\t\t\t\t\t\t\t\t\t\t\t\t<img decoding=\"async\" width=\"300\" height=\"300\" src=\"https:\/\/wpl-global.com\/wp-content\/uploads\/2024\/01\/Sin-titulo-9-300x300.png\" class=\"attachment-medium size-medium wp-image-3046\" alt=\"\" srcset=\"https:\/\/wpl-global.com\/wp-content\/uploads\/2024\/01\/Sin-titulo-9-300x300.png 300w, https:\/\/wpl-global.com\/wp-content\/uploads\/2024\/01\/Sin-titulo-9-1024x1024.png 1024w, https:\/\/wpl-global.com\/wp-content\/uploads\/2024\/01\/Sin-titulo-9-150x150.png 150w, https:\/\/wpl-global.com\/wp-content\/uploads\/2024\/01\/Sin-titulo-9-768x768.png 768w, https:\/\/wpl-global.com\/wp-content\/uploads\/2024\/01\/Sin-titulo-9-12x12.png 12w, https:\/\/wpl-global.com\/wp-content\/uploads\/2024\/01\/Sin-titulo-9.png 1080w\" sizes=\"(max-width: 300px) 100vw, 300px\" \/>\t\t\t\t\t\t\t\t\t\t\t\t\t\t\t<\/div>\n\t\t\t\t<\/div>\n\t\t\t\t\t<\/div>\n\t\t<\/div>\n\t\t\t\t\t<\/div>\n\t\t<\/section>\n\t\t\t\t<section class=\"elementor-section elementor-top-section elementor-element elementor-element-e7e98ef elementor-section-boxed elementor-section-height-default elementor-section-height-default\" data-id=\"e7e98ef\" data-element_type=\"section\">\n\t\t\t\t\t\t<div class=\"elementor-container elementor-column-gap-default\">\n\t\t\t\t\t<div class=\"elementor-column elementor-col-50 elementor-top-column elementor-element elementor-element-a398eb0\" data-id=\"a398eb0\" data-element_type=\"column\">\n\t\t\t<div class=\"elementor-widget-wrap elementor-element-populated\">\n\t\t\t\t\t\t<div class=\"elementor-element elementor-element-9555279 elementor-widget elementor-widget-image\" data-id=\"9555279\" data-element_type=\"widget\" data-widget_type=\"image.default\">\n\t\t\t\t<div class=\"elementor-widget-container\">\n\t\t\t\t\t\t\t\t\t\t\t\t\t\t\t<img loading=\"lazy\" decoding=\"async\" width=\"300\" height=\"288\" src=\"https:\/\/wpl-global.com\/wp-content\/uploads\/2024\/01\/D_NQ_NP_998916-MLM44520465759_012021-O-300x288.webp\" class=\"attachment-medium size-medium wp-image-3047\" alt=\"\" srcset=\"https:\/\/wpl-global.com\/wp-content\/uploads\/2024\/01\/D_NQ_NP_998916-MLM44520465759_012021-O-300x288.webp 300w, https:\/\/wpl-global.com\/wp-content\/uploads\/2024\/01\/D_NQ_NP_998916-MLM44520465759_012021-O-13x12.webp 13w, https:\/\/wpl-global.com\/wp-content\/uploads\/2024\/01\/D_NQ_NP_998916-MLM44520465759_012021-O.webp 500w\" sizes=\"(max-width: 300px) 100vw, 300px\" \/>\t\t\t\t\t\t\t\t\t\t\t\t\t\t\t<\/div>\n\t\t\t\t<\/div>\n\t\t\t\t\t<\/div>\n\t\t<\/div>\n\t\t\t\t<div class=\"elementor-column elementor-col-50 elementor-top-column elementor-element elementor-element-7e3a2a4\" data-id=\"7e3a2a4\" data-element_type=\"column\">\n\t\t\t<div class=\"elementor-widget-wrap elementor-element-populated\">\n\t\t\t\t\t\t<div class=\"elementor-element elementor-element-93cb0de elementor-widget elementor-widget-heading\" data-id=\"93cb0de\" data-element_type=\"widget\" data-widget_type=\"heading.default\">\n\t\t\t\t<div class=\"elementor-widget-container\">\n\t\t\t\t\t<h2 class=\"elementor-heading-title elementor-size-default\">WPL DrilBent HighFlow<\/h2>\t\t\t\t<\/div>\n\t\t\t\t<\/div>\n\t\t\t\t<div class=\"elementor-element elementor-element-796e181 elementor-widget elementor-widget-text-editor\" data-id=\"796e181\" data-element_type=\"widget\" data-widget_type=\"text-editor.default\">\n\t\t\t\t<div class=\"elementor-widget-container\">\n\t\t\t\t\t\t\t\t\t<p>WPL DrilBent HighFlow es una bentonita s\u00f3dica coloidal pulverizada a malla 200, conocida por su alta viscosidad en operaciones de perforaci\u00f3n. Dise\u00f1ada para cumplir con los est\u00e1ndares de la industria petrolera, esta bentonita ofrece un rendimiento excepcional en fluidos de perforaci\u00f3n, cimentaciones, zanjas y diversas aplicaciones de Ingenier\u00eda Civil. Su formulaci\u00f3n avanzada y propiedades reol\u00f3gicas mejoran la estabilidad del pozo y la eficiencia operativa.<\/p>\t\t\t\t\t\t\t\t<\/div>\n\t\t\t\t<\/div>\n\t\t\t\t<div class=\"elementor-element elementor-element-49c8574 elementor-widget elementor-widget-text-editor\" data-id=\"49c8574\" data-element_type=\"widget\" data-widget_type=\"text-editor.default\">\n\t\t\t\t<div class=\"elementor-widget-container\">\n\t\t\t\t\t\t\t\t\t<p><a href=\"https:\/\/wpl-global.com\/wp-content\/uploads\/2024\/09\/DRILL-BENT-HIGH-FLOW.pdf\" target=\"_blank\" rel=\"noopener\">Ficha T\u00e9cnica <i class=\"fa fa-download\" aria-hidden=\"true\"><\/i><\/a><\/p>\t\t\t\t\t\t\t\t<\/div>\n\t\t\t\t<\/div>\n\t\t\t\t\t<\/div>\n\t\t<\/div>\n\t\t\t\t\t<\/div>\n\t\t<\/section>\n\t\t\t\t<section class=\"elementor-section elementor-top-section elementor-element elementor-element-ad61dfd elementor-section-boxed elementor-section-height-default elementor-section-height-default\" data-id=\"ad61dfd\" data-element_type=\"section\">\n\t\t\t\t\t\t<div class=\"elementor-container elementor-column-gap-default\">\n\t\t\t\t\t<div class=\"elementor-column elementor-col-100 elementor-top-column elementor-element elementor-element-4954740\" data-id=\"4954740\" data-element_type=\"column\">\n\t\t\t<div class=\"elementor-widget-wrap elementor-element-populated\">\n\t\t\t\t\t\t<div class=\"elementor-element elementor-element-11359f0 elementor-widget elementor-widget-heading\" data-id=\"11359f0\" data-element_type=\"widget\" data-widget_type=\"heading.default\">\n\t\t\t\t<div class=\"elementor-widget-container\">\n\t\t\t\t\t<h2 class=\"elementor-heading-title elementor-size-default\">Ubicaci\u00f3n<\/h2>\t\t\t\t<\/div>\n\t\t\t\t<\/div>\n\t\t\t\t<section class=\"elementor-section elementor-inner-section elementor-element elementor-element-9e637bc elementor-section-boxed elementor-section-height-default elementor-section-height-default\" data-id=\"9e637bc\" data-element_type=\"section\">\n\t\t\t\t\t\t<div class=\"elementor-container elementor-column-gap-default\">\n\t\t\t\t\t<div class=\"elementor-column elementor-col-50 elementor-inner-column elementor-element elementor-element-4599524\" data-id=\"4599524\" data-element_type=\"column\">\n\t\t\t<div class=\"elementor-widget-wrap elementor-element-populated\">\n\t\t\t\t\t\t<div class=\"elementor-element elementor-element-17dcb94 elementor-widget elementor-widget-text-editor\" data-id=\"17dcb94\" data-element_type=\"widget\" data-widget_type=\"text-editor.default\">\n\t\t\t\t<div class=\"elementor-widget-container\">\n\t\t\t\t\t\t\t\t\t<ol><li>La primera est\u00e1 ubicada en Cuencam\u00e9, Durango, con instalaciones que incluyen una planta de granulados, molinos de pulverizaci\u00f3n, \u00e1rea de envasado, tolvas para almacenar productos a granel y un amplio almac\u00e9n techado para mantener el producto en \u00f3ptimas condiciones.<\/li><li>La segunda planta se encuentra en G\u00f3mez Palacio, Durango, donde procesamos productos a base de bentonitas y carbones. Similar a la planta de Cuencam\u00e9, disponemos de un almac\u00e9n techado para productos terminados, tolvas para almacenamiento a granel y una espuela de ferrocarril y por consiguiente acceso a puertos mar\u00edtimos.<\/li><\/ol>\t\t\t\t\t\t\t\t<\/div>\n\t\t\t\t<\/div>\n\t\t\t\t\t<\/div>\n\t\t<\/div>\n\t\t\t\t<div class=\"elementor-column elementor-col-50 elementor-inner-column elementor-element elementor-element-d65a282\" data-id=\"d65a282\" data-element_type=\"column\">\n\t\t\t<div class=\"elementor-widget-wrap elementor-element-populated\">\n\t\t\t\t\t\t<div class=\"elementor-element elementor-element-982e5bb elementor-widget elementor-widget-image\" data-id=\"982e5bb\" data-element_type=\"widget\" data-widget_type=\"image.default\">\n\t\t\t\t<div class=\"elementor-widget-container\">\n\t\t\t\t\t\t\t\t\t\t\t\t\t\t\t<img loading=\"lazy\" decoding=\"async\" width=\"454\" height=\"333\" src=\"https:\/\/wpl-global.com\/wp-content\/uploads\/2024\/01\/dgo.png\" class=\"attachment-large size-large wp-image-2988\" alt=\"\" srcset=\"https:\/\/wpl-global.com\/wp-content\/uploads\/2024\/01\/dgo.png 454w, https:\/\/wpl-global.com\/wp-content\/uploads\/2024\/01\/dgo-300x220.png 300w, https:\/\/wpl-global.com\/wp-content\/uploads\/2024\/01\/dgo-16x12.png 16w\" sizes=\"(max-width: 454px) 100vw, 454px\" \/>\t\t\t\t\t\t\t\t\t\t\t\t\t\t\t<\/div>\n\t\t\t\t<\/div>\n\t\t\t\t\t<\/div>\n\t\t<\/div>\n\t\t\t\t\t<\/div>\n\t\t<\/section>\n\t\t\t\t<div class=\"elementor-element elementor-element-76a3d63 elementor-widget elementor-widget-text-editor\" data-id=\"76a3d63\" data-element_type=\"widget\" data-widget_type=\"text-editor.default\">\n\t\t\t\t<div class=\"elementor-widget-container\">\n\t\t\t\t\t\t\t\t\t<p>Contamos con laboratorios propios para la inspecci\u00f3n y clasificaci\u00f3n de materia prima, as\u00ed como para el control del producto terminado.<\/p>\t\t\t\t\t\t\t\t<\/div>\n\t\t\t\t<\/div>\n\t\t\t\t\t<\/div>\n\t\t<\/div>\n\t\t\t\t\t<\/div>\n\t\t<\/section>\n\t\t\t\t<\/div>","protected":false},"excerpt":{"rendered":"<p>BENTONITE Bentonite, with unique physical and chemical properties, has a wide range of applications in various markets. At WPL Global Operations, we focus mainly on manufacturing products for drilling muds, foundations, and binders for green sand systems used in foundries. Additionally, we serve markets such as soaps and detergents, balanced foods, cosmetics and pharmaceuticals, waterproofing, [&hellip;]<\/p>","protected":false},"author":2,"featured_media":0,"parent":0,"menu_order":0,"comment_status":"closed","ping_status":"closed","template":"","meta":{"site-sidebar-layout":"no-sidebar","site-content-layout":"page-builder","ast-site-content-layout":"","site-content-style":"default","site-sidebar-style":"default","ast-global-header-display":"","ast-banner-title-visibility":"","ast-main-header-display":"","ast-hfb-above-header-display":"","ast-hfb-below-header-display":"","ast-hfb-mobile-header-display":"","site-post-title":"disabled","ast-breadcrumbs-content":"","ast-featured-img":"disabled","footer-sml-layout":"","theme-transparent-header-meta":"enabled","adv-header-id-meta":"","stick-header-meta":"","header-above-stick-meta":"","header-main-stick-meta":"","header-below-stick-meta":"","astra-migrate-meta-layouts":"default","ast-page-background-enabled":"default","ast-page-background-meta":{"desktop":{"background-color":"","background-image":"","background-repeat":"repeat","background-position":"center center","background-size":"auto","background-attachment":"scroll","background-type":"","background-media":"","overlay-type":"","overlay-color":"","overlay-gradient":""},"tablet":{"background-color":"","background-image":"","background-repeat":"repeat","background-position":"center center","background-size":"auto","background-attachment":"scroll","background-type":"","background-media":"","overlay-type":"","overlay-color":"","overlay-gradient":""},"mobile":{"background-color":"","background-image":"","background-repeat":"repeat","background-position":"center center","background-size":"auto","background-attachment":"scroll","background-type":"","background-media":"","overlay-type":"","overlay-color":"","overlay-gradient":""}},"ast-content-background-meta":{"desktop":{"background-color":"var(--ast-global-color-5)","background-image":"","background-repeat":"repeat","background-position":"center center","background-size":"auto","background-attachment":"scroll","background-type":"","background-media":"","overlay-type":"","overlay-color":"","overlay-gradient":""},"tablet":{"background-color":"var(--ast-global-color-5)","background-image":"","background-repeat":"repeat","background-position":"center center","background-size":"auto","background-attachment":"scroll","background-type":"","background-media":"","overlay-type":"","overlay-color":"","overlay-gradient":""},"mobile":{"background-color":"var(--ast-global-color-5)","background-image":"","background-repeat":"repeat","background-position":"center center","background-size":"auto","background-attachment":"scroll","background-type":"","background-media":"","overlay-type":"","overlay-color":"","overlay-gradient":""}},"footnotes":""},"class_list":["post-2749","page","type-page","status-publish","hentry"],"_links":{"self":[{"href":"https:\/\/wpl-global.com\/es\/wp-json\/wp\/v2\/pages\/2749","targetHints":{"allow":["GET"]}}],"collection":[{"href":"https:\/\/wpl-global.com\/es\/wp-json\/wp\/v2\/pages"}],"about":[{"href":"https:\/\/wpl-global.com\/es\/wp-json\/wp\/v2\/types\/page"}],"author":[{"embeddable":true,"href":"https:\/\/wpl-global.com\/es\/wp-json\/wp\/v2\/users\/2"}],"replies":[{"embeddable":true,"href":"https:\/\/wpl-global.com\/es\/wp-json\/wp\/v2\/comments?post=2749"}],"version-history":[{"count":160,"href":"https:\/\/wpl-global.com\/es\/wp-json\/wp\/v2\/pages\/2749\/revisions"}],"predecessor-version":[{"id":3086,"href":"https:\/\/wpl-global.com\/es\/wp-json\/wp\/v2\/pages\/2749\/revisions\/3086"}],"wp:attachment":[{"href":"https:\/\/wpl-global.com\/es\/wp-json\/wp\/v2\/media?parent=2749"}],"curies":[{"name":"wp","href":"https:\/\/api.w.org\/{rel}","templated":true}]}}