{"id":3088,"date":"2025-03-06T01:17:01","date_gmt":"2025-03-06T01:17:01","guid":{"rendered":"https:\/\/wpl-global.com\/?page_id=3088"},"modified":"2025-03-06T17:13:26","modified_gmt":"2025-03-06T17:13:26","slug":"mineria","status":"publish","type":"page","link":"https:\/\/wpl-global.com\/es\/mineria\/","title":{"rendered":"Mining Contractor"},"content":{"rendered":"<div data-elementor-type=\"wp-post\" data-elementor-id=\"3088\" class=\"elementor elementor-3088\" data-elementor-post-type=\"page\">\n\t\t\t\t\t\t<section class=\"elementor-section elementor-top-section elementor-element elementor-element-7d439393 elementor-section-boxed elementor-section-height-default elementor-section-height-default\" data-id=\"7d439393\" data-element_type=\"section\" data-settings=\"{&quot;background_background&quot;:&quot;classic&quot;}\">\n\t\t\t\t\t\t\t<div class=\"elementor-background-overlay\"><\/div>\n\t\t\t\t\t\t\t<div class=\"elementor-container elementor-column-gap-no\">\n\t\t\t\t\t<div class=\"elementor-column elementor-col-100 elementor-top-column elementor-element elementor-element-3474ac6a\" data-id=\"3474ac6a\" data-element_type=\"column\">\n\t\t\t<div class=\"elementor-widget-wrap elementor-element-populated\">\n\t\t\t\t\t\t<div class=\"elementor-element elementor-element-7b415e3 elementor-widget elementor-widget-heading\" data-id=\"7b415e3\" data-element_type=\"widget\" data-widget_type=\"heading.default\">\n\t\t\t\t<div class=\"elementor-widget-container\">\n\t\t\t\t\t<h1 class=\"elementor-heading-title elementor-size-default\">CONTRATISTA MINERO<\/h1>\t\t\t\t<\/div>\n\t\t\t\t<\/div>\n\t\t\t\t<div class=\"elementor-element elementor-element-6add383c elementor-widget-divider--view-line elementor-widget elementor-widget-divider\" data-id=\"6add383c\" data-element_type=\"widget\" data-widget_type=\"divider.default\">\n\t\t\t\t<div class=\"elementor-widget-container\">\n\t\t\t\t\t\t\t<div class=\"elementor-divider\">\n\t\t\t<span class=\"elementor-divider-separator\">\n\t\t\t\t\t\t<\/span>\n\t\t<\/div>\n\t\t\t\t\t\t<\/div>\n\t\t\t\t<\/div>\n\t\t\t\t\t<\/div>\n\t\t<\/div>\n\t\t\t\t\t<\/div>\n\t\t<\/section>\n\t\t\t\t<section class=\"elementor-section elementor-top-section elementor-element elementor-element-95f91d1 elementor-section-boxed elementor-section-height-default elementor-section-height-default\" data-id=\"95f91d1\" data-element_type=\"section\">\n\t\t\t\t\t\t<div class=\"elementor-container elementor-column-gap-default\">\n\t\t\t\t\t<div class=\"elementor-column elementor-col-50 elementor-top-column elementor-element elementor-element-f36b7b5\" data-id=\"f36b7b5\" data-element_type=\"column\">\n\t\t\t<div class=\"elementor-widget-wrap elementor-element-populated\">\n\t\t\t\t\t\t<div class=\"elementor-element elementor-element-60fb9e1 elementor-widget elementor-widget-spacer\" data-id=\"60fb9e1\" data-element_type=\"widget\" data-widget_type=\"spacer.default\">\n\t\t\t\t<div class=\"elementor-widget-container\">\n\t\t\t\t\t\t\t<div class=\"elementor-spacer\">\n\t\t\t<div class=\"elementor-spacer-inner\"><\/div>\n\t\t<\/div>\n\t\t\t\t\t\t<\/div>\n\t\t\t\t<\/div>\n\t\t\t\t<div class=\"elementor-element elementor-element-ce2ed58 elementor-widget elementor-widget-text-editor\" data-id=\"ce2ed58\" data-element_type=\"widget\" data-widget_type=\"text-editor.default\">\n\t\t\t\t<div class=\"elementor-widget-container\">\n\t\t\t\t\t\t\t\t\t<p>En WPL-GLOBAL &#8211; DRM Desarrollos Mineros somos una empresa especializada en servicios para la Industria de la Construcci\u00f3n y Miner\u00eda (Subterr\u00e1nea y Bancos de Agregados). Contamos con una s\u00f3lida experiencia de m\u00e1s de 12 a\u00f1os en el rubro, realizando trabajos a lo largo de la Rep\u00fablica Mexicana. Hemos participado activamente en proyectos mineros a nivel nacional, demostrando un constante compromiso con la excelencia y la innovaci\u00f3n en esta industria fundamental.<\/p>\t\t\t\t\t\t\t\t<\/div>\n\t\t\t\t<\/div>\n\t\t\t\t<div class=\"elementor-element elementor-element-fd94d1e elementor-widget elementor-widget-spacer\" data-id=\"fd94d1e\" data-element_type=\"widget\" data-widget_type=\"spacer.default\">\n\t\t\t\t<div class=\"elementor-widget-container\">\n\t\t\t\t\t\t\t<div class=\"elementor-spacer\">\n\t\t\t<div class=\"elementor-spacer-inner\"><\/div>\n\t\t<\/div>\n\t\t\t\t\t\t<\/div>\n\t\t\t\t<\/div>\n\t\t\t\t\t<\/div>\n\t\t<\/div>\n\t\t\t\t<div class=\"elementor-column elementor-col-50 elementor-top-column elementor-element elementor-element-6b7e3ba\" data-id=\"6b7e3ba\" data-element_type=\"column\">\n\t\t\t<div class=\"elementor-widget-wrap elementor-element-populated\">\n\t\t\t\t\t\t<div class=\"elementor-element elementor-element-0136b9d elementor-widget elementor-widget-spacer\" data-id=\"0136b9d\" data-element_type=\"widget\" data-widget_type=\"spacer.default\">\n\t\t\t\t<div class=\"elementor-widget-container\">\n\t\t\t\t\t\t\t<div class=\"elementor-spacer\">\n\t\t\t<div class=\"elementor-spacer-inner\"><\/div>\n\t\t<\/div>\n\t\t\t\t\t\t<\/div>\n\t\t\t\t<\/div>\n\t\t\t\t<div class=\"elementor-element elementor-element-0bcb818 elementor-hidden-tablet elementor-hidden-mobile elementor-widget elementor-widget-image\" data-id=\"0bcb818\" data-element_type=\"widget\" data-widget_type=\"image.default\">\n\t\t\t\t<div class=\"elementor-widget-container\">\n\t\t\t\t\t\t\t\t\t\t\t\t\t\t\t<img fetchpriority=\"high\" decoding=\"async\" width=\"1920\" height=\"1080\" src=\"https:\/\/wpl-global.com\/wp-content\/uploads\/2025\/03\/12-1.png\" class=\"attachment-full size-full wp-image-3115\" alt=\"\" srcset=\"https:\/\/wpl-global.com\/wp-content\/uploads\/2025\/03\/12-1.png 1920w, https:\/\/wpl-global.com\/wp-content\/uploads\/2025\/03\/12-1-300x169.png 300w, https:\/\/wpl-global.com\/wp-content\/uploads\/2025\/03\/12-1-1024x576.png 1024w, https:\/\/wpl-global.com\/wp-content\/uploads\/2025\/03\/12-1-768x432.png 768w, https:\/\/wpl-global.com\/wp-content\/uploads\/2025\/03\/12-1-1536x864.png 1536w, https:\/\/wpl-global.com\/wp-content\/uploads\/2025\/03\/12-1-18x10.png 18w\" sizes=\"(max-width: 1920px) 100vw, 1920px\" \/>\t\t\t\t\t\t\t\t\t\t\t\t\t\t\t<\/div>\n\t\t\t\t<\/div>\n\t\t\t\t\t<\/div>\n\t\t<\/div>\n\t\t\t\t\t<\/div>\n\t\t<\/section>\n\t\t\t\t<section class=\"elementor-section elementor-top-section elementor-element elementor-element-8df1006 elementor-section-boxed elementor-section-height-default elementor-section-height-default\" data-id=\"8df1006\" data-element_type=\"section\">\n\t\t\t\t\t\t<div class=\"elementor-container elementor-column-gap-default\">\n\t\t\t\t\t<div class=\"elementor-column elementor-col-50 elementor-top-column elementor-element elementor-element-77a3ca4\" data-id=\"77a3ca4\" data-element_type=\"column\">\n\t\t\t<div class=\"elementor-widget-wrap elementor-element-populated\">\n\t\t\t\t\t\t<div class=\"elementor-element elementor-element-73b2dbc elementor-widget elementor-widget-image\" data-id=\"73b2dbc\" data-element_type=\"widget\" data-widget_type=\"image.default\">\n\t\t\t\t<div class=\"elementor-widget-container\">\n\t\t\t\t\t\t\t\t\t\t\t\t\t\t\t<img decoding=\"async\" width=\"1024\" height=\"576\" src=\"https:\/\/wpl-global.com\/wp-content\/uploads\/2025\/03\/16-1024x576.png\" class=\"attachment-large size-large wp-image-3099\" alt=\"\" srcset=\"https:\/\/wpl-global.com\/wp-content\/uploads\/2025\/03\/16-1024x576.png 1024w, https:\/\/wpl-global.com\/wp-content\/uploads\/2025\/03\/16-300x169.png 300w, https:\/\/wpl-global.com\/wp-content\/uploads\/2025\/03\/16-768x432.png 768w, https:\/\/wpl-global.com\/wp-content\/uploads\/2025\/03\/16-1536x864.png 1536w, https:\/\/wpl-global.com\/wp-content\/uploads\/2025\/03\/16-18x10.png 18w, https:\/\/wpl-global.com\/wp-content\/uploads\/2025\/03\/16.png 1920w\" sizes=\"(max-width: 1024px) 100vw, 1024px\" \/>\t\t\t\t\t\t\t\t\t\t\t\t\t\t\t<\/div>\n\t\t\t\t<\/div>\n\t\t\t\t\t<\/div>\n\t\t<\/div>\n\t\t\t\t<div class=\"elementor-column elementor-col-50 elementor-top-column elementor-element elementor-element-384d51d\" data-id=\"384d51d\" data-element_type=\"column\">\n\t\t\t<div class=\"elementor-widget-wrap elementor-element-populated\">\n\t\t\t\t\t\t<div class=\"elementor-element elementor-element-a36138c elementor-absolute elementor-widget elementor-widget-text-editor\" data-id=\"a36138c\" data-element_type=\"widget\" data-settings=\"{&quot;_position&quot;:&quot;absolute&quot;}\" data-widget_type=\"text-editor.default\">\n\t\t\t\t<div class=\"elementor-widget-container\">\n\t\t\t\t\t\t\t\t\t<p>Nuestro equipo altamente especializado ha trabajado en diversas etapas de la cadena de valor de la miner\u00eda, desde la exploraci\u00f3n y extracci\u00f3n hasta el procesamiento y comercializaci\u00f3n de minerales y recursos naturales. Nuestro profundo conocimiento de los desaf\u00edos y oportunidades de este sector nos ha permitido desarrollar estrategias efectivas para maximizar el rendimiento, la sostenibilidad y el cumplimiento normativo en cada proyecto. En WPL-DRM, estamos dedicados a continuar siendo un l\u00edder confiable en la industria minera, brindando soluciones innovadoras y sostenibles que impulsen el crecimiento tanto de nuestra empresa como de nuestros valiosos clientes.<\/p>\t\t\t\t\t\t\t\t<\/div>\n\t\t\t\t<\/div>\n\t\t\t\t\t<\/div>\n\t\t<\/div>\n\t\t\t\t\t<\/div>\n\t\t<\/section>\n\t\t\t\t<section class=\"elementor-section elementor-top-section elementor-element elementor-element-48223e3 elementor-section-boxed elementor-section-height-default elementor-section-height-default\" data-id=\"48223e3\" data-element_type=\"section\">\n\t\t\t\t\t\t<div class=\"elementor-container elementor-column-gap-default\">\n\t\t\t\t\t<div class=\"elementor-column elementor-col-50 elementor-top-column elementor-element elementor-element-fadc88b\" data-id=\"fadc88b\" data-element_type=\"column\">\n\t\t\t<div class=\"elementor-widget-wrap elementor-element-populated\">\n\t\t\t\t\t\t<div class=\"elementor-element elementor-element-988eed8 elementor-widget elementor-widget-heading\" data-id=\"988eed8\" data-element_type=\"widget\" data-widget_type=\"heading.default\">\n\t\t\t\t<div class=\"elementor-widget-container\">\n\t\t\t\t\t<h2 class=\"elementor-heading-title elementor-size-default\">Experiencia<\/h2>\t\t\t\t<\/div>\n\t\t\t\t<\/div>\n\t\t\t\t<div class=\"elementor-element elementor-element-751d0e1 elementor-absolute elementor-widget elementor-widget-text-editor\" data-id=\"751d0e1\" data-element_type=\"widget\" data-settings=\"{&quot;_position&quot;:&quot;absolute&quot;}\" data-widget_type=\"text-editor.default\">\n\t\t\t\t<div class=\"elementor-widget-container\">\n\t\t\t\t\t\t\t\t\t<p>Los servicios que ofrece WPL Global-DRM Desarrollos mineros son garant\u00eda de eficiencia, honestidad y profesionalismo. Nuestro principal objetivo es la satisfacci\u00f3n de nuestros clientes, para ello contamos con profesionales expertos en la materia.<\/p><ul><li>Desarrollo<\/li><li>Tumbe<\/li><li>Preparaci\u00f3n de obras<\/li><li>Fortificaci\u00f3n<\/li><\/ul>\t\t\t\t\t\t\t\t<\/div>\n\t\t\t\t<\/div>\n\t\t\t\t\t<\/div>\n\t\t<\/div>\n\t\t\t\t<div class=\"elementor-column elementor-col-50 elementor-top-column elementor-element elementor-element-d201025\" data-id=\"d201025\" data-element_type=\"column\">\n\t\t\t<div class=\"elementor-widget-wrap elementor-element-populated\">\n\t\t\t\t\t\t<div class=\"elementor-element elementor-element-cab3a72 elementor-widget elementor-widget-image\" data-id=\"cab3a72\" data-element_type=\"widget\" data-widget_type=\"image.default\">\n\t\t\t\t<div class=\"elementor-widget-container\">\n\t\t\t\t\t\t\t\t\t\t\t\t\t\t\t<img decoding=\"async\" width=\"942\" height=\"696\" src=\"https:\/\/wpl-global.com\/wp-content\/uploads\/2025\/03\/Imagen15.png\" class=\"attachment-large size-large wp-image-3158\" alt=\"\" srcset=\"https:\/\/wpl-global.com\/wp-content\/uploads\/2025\/03\/Imagen15.png 942w, https:\/\/wpl-global.com\/wp-content\/uploads\/2025\/03\/Imagen15-300x222.png 300w, https:\/\/wpl-global.com\/wp-content\/uploads\/2025\/03\/Imagen15-768x567.png 768w, https:\/\/wpl-global.com\/wp-content\/uploads\/2025\/03\/Imagen15-16x12.png 16w\" sizes=\"(max-width: 942px) 100vw, 942px\" \/>\t\t\t\t\t\t\t\t\t\t\t\t\t\t\t<\/div>\n\t\t\t\t<\/div>\n\t\t\t\t\t<\/div>\n\t\t<\/div>\n\t\t\t\t\t<\/div>\n\t\t<\/section>\n\t\t\t\t<section class=\"elementor-section elementor-top-section elementor-element elementor-element-e7e98ef elementor-section-boxed elementor-section-height-default elementor-section-height-default\" data-id=\"e7e98ef\" data-element_type=\"section\">\n\t\t\t\t\t\t<div class=\"elementor-container elementor-column-gap-default\">\n\t\t\t\t\t<div class=\"elementor-column elementor-col-50 elementor-top-column elementor-element elementor-element-a398eb0\" data-id=\"a398eb0\" data-element_type=\"column\">\n\t\t\t<div class=\"elementor-widget-wrap elementor-element-populated\">\n\t\t\t\t\t\t<div class=\"elementor-element elementor-element-9555279 elementor-widget elementor-widget-image\" data-id=\"9555279\" data-element_type=\"widget\" data-widget_type=\"image.default\">\n\t\t\t\t<div class=\"elementor-widget-container\">\n\t\t\t\t\t\t\t\t\t\t\t\t\t\t\t<img loading=\"lazy\" decoding=\"async\" width=\"1024\" height=\"576\" src=\"https:\/\/wpl-global.com\/wp-content\/uploads\/2025\/03\/Underground-Mining-1024x576.png\" class=\"attachment-large size-large wp-image-3166\" alt=\"\" srcset=\"https:\/\/wpl-global.com\/wp-content\/uploads\/2025\/03\/Underground-Mining-1024x576.png 1024w, https:\/\/wpl-global.com\/wp-content\/uploads\/2025\/03\/Underground-Mining-300x169.png 300w, https:\/\/wpl-global.com\/wp-content\/uploads\/2025\/03\/Underground-Mining-768x432.png 768w, https:\/\/wpl-global.com\/wp-content\/uploads\/2025\/03\/Underground-Mining-1536x864.png 1536w, https:\/\/wpl-global.com\/wp-content\/uploads\/2025\/03\/Underground-Mining-18x10.png 18w, https:\/\/wpl-global.com\/wp-content\/uploads\/2025\/03\/Underground-Mining.png 1920w\" sizes=\"(max-width: 1024px) 100vw, 1024px\" \/>\t\t\t\t\t\t\t\t\t\t\t\t\t\t\t<\/div>\n\t\t\t\t<\/div>\n\t\t\t\t\t<\/div>\n\t\t<\/div>\n\t\t\t\t<div class=\"elementor-column elementor-col-50 elementor-top-column elementor-element elementor-element-7e3a2a4\" data-id=\"7e3a2a4\" data-element_type=\"column\">\n\t\t\t<div class=\"elementor-widget-wrap elementor-element-populated\">\n\t\t\t\t\t\t<div class=\"elementor-element elementor-element-93cb0de elementor-widget elementor-widget-heading\" data-id=\"93cb0de\" data-element_type=\"widget\" data-widget_type=\"heading.default\">\n\t\t\t\t<div class=\"elementor-widget-container\">\n\t\t\t\t\t<h2 class=\"elementor-heading-title elementor-size-default\">Explotaci\u00f3n de bancos de agregados\n\n<\/h2>\t\t\t\t<\/div>\n\t\t\t\t<\/div>\n\t\t\t\t<div class=\"elementor-element elementor-element-796e181 elementor-absolute elementor-widget elementor-widget-text-editor\" data-id=\"796e181\" data-element_type=\"widget\" data-settings=\"{&quot;_position&quot;:&quot;absolute&quot;}\" data-widget_type=\"text-editor.default\">\n\t\t\t\t<div class=\"elementor-widget-container\">\n\t\t\t\t\t\t\t\t\t<ul><li>Servicios de Perforaci\u00f3n, Voladuras y Pozos<\/li><li>An\u00e1lisis de Fragmentaci\u00f3n,<\/li><li>Distribuci\u00f3n de Energ\u00eda y Vibraci\u00f3n<\/li><li>Servicio de Trituraci\u00f3n hasta el Producto Final<\/li><li>Acarreo de Materiales P\u00e9treos<\/li><\/ul>\t\t\t\t\t\t\t\t<\/div>\n\t\t\t\t<\/div>\n\t\t\t\t\t<\/div>\n\t\t<\/div>\n\t\t\t\t\t<\/div>\n\t\t<\/section>\n\t\t\t\t<\/div>","protected":false},"excerpt":{"rendered":"<p>CONTRATISTA MINERO En WPL-GLOBAL &#8211; DRM Desarrollos Mineros somos una empresa especializada en servicios para la Industria de la Construcci\u00f3n y Miner\u00eda (Subterr\u00e1nea y Bancos de Agregados). Contamos con una s\u00f3lida experiencia de m\u00e1s de 12 a\u00f1os en el rubro, realizando trabajos a lo largo de la Rep\u00fablica Mexicana. Hemos participado activamente en proyectos mineros [&hellip;]<\/p>","protected":false},"author":1,"featured_media":0,"parent":0,"menu_order":0,"comment_status":"closed","ping_status":"closed","template":"","meta":{"site-sidebar-layout":"no-sidebar","site-content-layout":"page-builder","ast-site-content-layout":"full-width-container","site-content-style":"unboxed","site-sidebar-style":"unboxed","ast-global-header-display":"","ast-banner-title-visibility":"","ast-main-header-display":"","ast-hfb-above-header-display":"","ast-hfb-below-header-display":"","ast-hfb-mobile-header-display":"","site-post-title":"disabled","ast-breadcrumbs-content":"","ast-featured-img":"disabled","footer-sml-layout":"","theme-transparent-header-meta":"enabled","adv-header-id-meta":"","stick-header-meta":"","header-above-stick-meta":"","header-main-stick-meta":"","header-below-stick-meta":"","astra-migrate-meta-layouts":"set","ast-page-background-enabled":"default","ast-page-background-meta":{"desktop":{"background-color":"","background-image":"","background-repeat":"repeat","background-position":"center center","background-size":"auto","background-attachment":"scroll","background-type":"","background-media":"","overlay-type":"","overlay-color":"","overlay-gradient":""},"tablet":{"background-color":"","background-image":"","background-repeat":"repeat","background-position":"center center","background-size":"auto","background-attachment":"scroll","background-type":"","background-media":"","overlay-type":"","overlay-color":"","overlay-gradient":""},"mobile":{"background-color":"","background-image":"","background-repeat":"repeat","background-position":"center center","background-size":"auto","background-attachment":"scroll","background-type":"","background-media":"","overlay-type":"","overlay-color":"","overlay-gradient":""}},"ast-content-background-meta":{"desktop":{"background-color":"var(--ast-global-color-5)","background-image":"","background-repeat":"repeat","background-position":"center center","background-size":"auto","background-attachment":"scroll","background-type":"","background-media":"","overlay-type":"","overlay-color":"","overlay-gradient":""},"tablet":{"background-color":"var(--ast-global-color-5)","background-image":"","background-repeat":"repeat","background-position":"center center","background-size":"auto","background-attachment":"scroll","background-type":"","background-media":"","overlay-type":"","overlay-color":"","overlay-gradient":""},"mobile":{"background-color":"var(--ast-global-color-5)","background-image":"","background-repeat":"repeat","background-position":"center center","background-size":"auto","background-attachment":"scroll","background-type":"","background-media":"","overlay-type":"","overlay-color":"","overlay-gradient":""}},"footnotes":""},"class_list":["post-3088","page","type-page","status-publish","hentry"],"_links":{"self":[{"href":"https:\/\/wpl-global.com\/es\/wp-json\/wp\/v2\/pages\/3088","targetHints":{"allow":["GET"]}}],"collection":[{"href":"https:\/\/wpl-global.com\/es\/wp-json\/wp\/v2\/pages"}],"about":[{"href":"https:\/\/wpl-global.com\/es\/wp-json\/wp\/v2\/types\/page"}],"author":[{"embeddable":true,"href":"https:\/\/wpl-global.com\/es\/wp-json\/wp\/v2\/users\/1"}],"replies":[{"embeddable":true,"href":"https:\/\/wpl-global.com\/es\/wp-json\/wp\/v2\/comments?post=3088"}],"version-history":[{"count":24,"href":"https:\/\/wpl-global.com\/es\/wp-json\/wp\/v2\/pages\/3088\/revisions"}],"predecessor-version":[{"id":3178,"href":"https:\/\/wpl-global.com\/es\/wp-json\/wp\/v2\/pages\/3088\/revisions\/3178"}],"wp:attachment":[{"href":"https:\/\/wpl-global.com\/es\/wp-json\/wp\/v2\/media?parent=3088"}],"curies":[{"name":"wp","href":"https:\/\/api.w.org\/{rel}","templated":true}]}}